{"id":1057,"date":"2025-07-11T06:30:06","date_gmt":"2025-07-11T06:30:06","guid":{"rendered":"https:\/\/recallclinics.com\/?page_id=1057"},"modified":"2026-03-26T16:41:34","modified_gmt":"2026-03-26T16:41:34","slug":"servicios","status":"publish","type":"page","link":"https:\/\/recallclinics.com\/de\/servicios\/","title":{"rendered":"Leistungen"},"content":{"rendered":"\r\n<div class=\"wp-block-spacer\" style=\"height: 48px;\" aria-hidden=\"true\">\u00a0<\/div>\r\n\r\n\r\n\r\n<p>[vc_column_text]<\/p>\r\n<h6 style=\"text-align: center;\">LEISTUNGEN<\/h6>\r\n<p>[\/vc_column_text] [vc_empty_space height=&#8221;16px&#8221;] [vc_column_text]<\/p>\r\n<h1 style=\"text-align: center;\">Intelligente L\u00f6sungen, die die Verwaltungslast reduzieren und den Umsatz steigern<\/h1>\r\n<p>[\/vc_column_text] [vc_empty_space height=&#8221;23px&#8221;] [vc_column_text]<\/p>\r\n<h3 style=\"text-align: center;\">Unser konversationaler KI-Agent \u00fcbernimmt Verwaltungsaufgaben, entlastet Ihr Empfangsteam und erm\u00f6glicht ihm, Ihre Patientinnen und Patienten besser zu betreuen. Dies sind die Leistungen, die Recall in Ihrer Praxis oder Ihrem medizinischen Zentrum erbringen kann.<\/h3>\r\n<p>[\/vc_column_text] [vc_empty_space height=&#8221;50px&#8221;]<\/p>\r\n\r\n\r\n\r\n<div class=\"wp-block-spacer\" style=\"height: 40px;\" aria-hidden=\"true\">\u00a0<\/div>\r\n\r\n\r\n\n<div class=\"wp-block-gutena-tabs gutena-tabs-block gutena-tabs-block-feee9c-46\"><ul class=\"gutena-tabs-tab tab-center\"><li class=\"gutena-tab-title active\" data-tab=\"1\"><div class=\"gutena-tab-title-content icon-top\"><div class=\"gutena-tab-title-text\"><div>Termine<\/div><\/div><\/div><\/li><li class=\"gutena-tab-title inactive\" data-tab=\"2\"><div class=\"gutena-tab-title-content icon-top\"><div class=\"gutena-tab-title-text\"><div>Patientenreaktivierung<\/div><\/div><\/div><\/li><li class=\"gutena-tab-title inactive\" data-tab=\"3\"><div class=\"gutena-tab-title-content icon-top\"><div class=\"gutena-tab-title-text\"><div>Google-Bewertungen<\/div><\/div><\/div><\/li><li class=\"gutena-tab-title inactive\" data-tab=\"4\"><div class=\"gutena-tab-title-content icon-top\"><div class=\"gutena-tab-title-text\"><div>KI-Anrufe<\/div><\/div><\/div><\/li><li class=\"gutena-tab-title inactive\" data-tab=\"5\"><div class=\"gutena-tab-title-content icon-top\"><div class=\"gutena-tab-title-text\"><div>Automatisiertes Marketing<\/div><\/div><\/div><\/li><\/ul><div class=\"gutena-tabs-content is-layout-flow wp-block-tabs-is-layout-flow\">\n<div class=\"wp-block-gutena-tab gutena-tab-block gutena-tab-block-1eecc8-f7 active\" data-tab=\"1\">\n\n\n<div class=\"wp-block-gutena-tab gutena-tab-block gutena-tab-block-57cec1-e2 active\" data-tab=\"1\">\n\n<div class=\"wp-block-gutena-tab gutena-tab-block active\" data-tab=\"1\">\n<div style=\"display:flex;flex-wrap:wrap;align-items:center;gap:40px;padding:20px 0;\">\n\n<div style=\"flex:1;min-width:300px;\">\n<h3 class=\"wp-block-heading\"><strong>Best\u00e4tigung, Erinnerung und Umplanung von Terminen per WhatsApp<\/strong><\/h3>\n<p>Mit automatischen Terminbest\u00e4tigungen und Erinnerungen per WhatsApp k\u00f6nnen Sie mit Recall bis zu 80&nbsp;% der Anwesenheit Ihrer Patienten mit nur einem <em>Klick<\/em> best\u00e4tigen. So reduzieren Sie administrative Aufgaben und steigern den Umsatz Ihrer Praxis.<\/p>\n<h5 class=\"wp-block-heading\" style=\"margin-top:20px;\">Vorteile von WhatsApp gegen\u00fcber SMS<\/h5>\n<ul style=\"padding-left:20px;\">\n<li><strong>Personalisierte Nachrichten<\/strong> mit Fotos, Videos und PDFs.<\/li>\n<li>M\u00f6glichkeit, <strong>Aktionsbuttons<\/strong> hinzuzuf\u00fcgen.<\/li>\n<li>Best\u00e4tigung mit <strong>1 Klick<\/strong>.<\/li>\n<li><strong>Einfache Nutzung f\u00fcr den Patienten<\/strong> (inkl. Routenbutton).<\/li>\n<li>Vertrauensw\u00fcrdiger Absender mit dem Namen der Praxis.<\/li>\n<\/ul>\n<\/div>\n\n<div style=\"flex:1;min-width:300px;\">\n<figure class=\"wp-block-video\" style=\"margin:0;\">\n<video autoplay controls loop muted preload=\"auto\" src=\"https:\/\/recallclinics.com\/wp-content\/uploads\/2025\/07\/Confirmation-with-Rescheduling.mp4\" playsinline style=\"width:100%;height:auto;border-radius:8px;\"><\/video>\n<\/figure>\n<\/div>\n\n<\/div>\n<\/div>\n\n<\/div>\n\n\n<\/div>\n\n\n\n<div class=\"wp-block-gutena-tab gutena-tab-block gutena-tab-block-920363-61 inactive\" data-tab=\"2\">\n\n<div class=\"wp-block-gutena-tab gutena-tab-block inactive\" data-tab=\"3\">\n<div style=\"display:flex;flex-wrap:wrap;align-items:center;gap:40px;padding:20px 0;\">\n\n<div style=\"flex:1;min-width:300px;\">\n<h3 class=\"wp-block-heading\"><strong>Automatische Kontaktaufnahme mit inaktiven Patienten<\/strong><\/h3>\n<ul style=\"padding-left:20px;margin-top:20px;\">\n<li><strong>Umsatzsteigerung<\/strong> ohne die Gewinnung neuer Patienten.<\/li>\n<li><strong>Bessere Nutzung<\/strong> der bestehenden Patientendaten.<\/li>\n<li><strong>Patientenbindung<\/strong> durch gezielte Erinnerungen.<\/li>\n<li><strong>Pr\u00e4vention und proaktive Betreuung<\/strong> der Gesundheit.<\/li>\n<\/ul>\n<\/div>\n\n<div style=\"flex:1;min-width:300px;\">\n<figure class=\"wp-block-image size-large\" style=\"margin:0;\">\n<img decoding=\"async\" src=\"https:\/\/recallclinics.com\/wp-content\/uploads\/2025\/07\/reactivacion-1024x697.png\" alt=\"Automatische Reaktivierung\" style=\"width:100%;height:auto;border-radius:8px;\"\/>\n<\/figure>\n<\/div>\n\n<\/div>\n<\/div>\n\n<\/div>\n\n\n\n<div class=\"wp-block-gutena-tab gutena-tab-block gutena-tab-block-542db3-eb inactive\" data-tab=\"3\">\n\n\n<\/div>\n\n\n\n<div class=\"wp-block-gutena-tab gutena-tab-block gutena-tab-block-454fe4-e2 inactive\" data-tab=\"3\">\n<div class=\"wp-block-gutena-tab gutena-tab-block inactive\" data-tab=\"4\">\n<div style=\"display:flex;flex-wrap:wrap;align-items:center;gap:40px;padding:20px 0;\">\n\n<div style=\"flex:1;min-width:300px;\">\n<h3 class=\"wp-block-heading\"><strong>Mehr Google-Bewertungen f\u00fcr 5 Sterne<\/strong><\/h3>\n<ul style=\"padding-left:20px;margin-top:20px;\">\n<li>Verbessert den <strong>Ruf Ihrer Praxis<\/strong>.<\/li>\n<li>Erh\u00f6ht die Anzahl <strong>potenzieller Patienten<\/strong>.<\/li>\n<li>St\u00e4rkt die <strong>digitale Pr\u00e4senz<\/strong>.<\/li>\n<li>Bewertung mit <strong>3 Klicks<\/strong>.<\/li>\n<\/ul>\n<\/div>\n\n<div style=\"flex:1;min-width:300px;\">\n<figure class=\"wp-block-image size-large\" style=\"margin:0;\">\n<img decoding=\"async\" src=\"https:\/\/recallclinics.com\/wp-content\/uploads\/2025\/07\/google-1-1024x697.png\" alt=\"Google Bewertungen\" style=\"width:100%;height:auto;border-radius:8px;\"\/>\n<\/figure>\n<\/div>\n\n<\/div>\n<\/div>\n\n<\/div>\n\n\n\n<div class=\"wp-block-gutena-tab gutena-tab-block gutena-tab-block-95ee8c-62 inactive\" data-tab=\"4\">\n\n<\/div>\n\n\n\n<div class=\"wp-block-gutena-tab gutena-tab-block gutena-tab-block-ad8f82-4a inactive\" data-tab=\"4\">\n\n<div class=\"wp-block-gutena-tab gutena-tab-block inactive\" data-tab=\"5\">\n<div style=\"display:flex;flex-wrap:wrap;align-items:center;gap:40px;padding:20px 0;\">\n\n<div style=\"flex:1;min-width:300px;\">\n<h3 class=\"wp-block-heading\"><strong>24\/7 Verf\u00fcgbarkeit f\u00fcr alle Anliegen Ihrer Patienten<\/strong><\/h3>\n<ul style=\"padding-left:20px;margin-top:20px;\">\n<li><strong>Anrufen, beantworten und terminieren<\/strong> \u2013 ganz ohne menschliches Eingreifen.<\/li>\n<li>Kapazit\u00e4t f\u00fcr <strong>1.000 gleichzeitige Anrufe<\/strong>.<\/li>\n<li><strong>H\u00f6here Effizienz<\/strong> und bessere Patientenbetreuung.<\/li>\n<li><strong>Optimierte Rentabilit\u00e4t<\/strong> rund um die Uhr.<\/li>\n<\/ul>\n<\/div>\n\n<div style=\"flex:1;min-width:300px;\">\n<figure class=\"wp-block-image size-large\" style=\"margin:0;\">\n<img decoding=\"async\" src=\"https:\/\/recallclinics.com\/wp-content\/uploads\/2025\/07\/Llamadas-con-IA-1024x697.png\" alt=\"KI-Anrufe\" style=\"width:100%;height:auto;border-radius:8px;\"\/>\n<\/figure>\n<\/div>\n\n<\/div>\n<\/div>\n\n<\/div>\n\n\n\n<div class=\"wp-block-gutena-tab gutena-tab-block gutena-tab-block-832f2d-bd inactive\" data-tab=\"5\">\n\n<\/div>\n\n\n\n<div class=\"wp-block-gutena-tab gutena-tab-block gutena-tab-block-d8ab5d-56 inactive\" data-tab=\"5\">\n\n<div class=\"wp-block-gutena-tab gutena-tab-block inactive\" data-tab=\"6\">\n<div style=\"display:flex;flex-wrap:wrap;align-items:center;gap:40px;padding:20px 0;\">\n\n<div style=\"flex:1;min-width:300px;\">\n<h3 class=\"wp-block-heading\"><strong>Automatisiertes Marketing \u00fcber WhatsApp<\/strong><\/h3>\n<ul style=\"padding-left:20px;margin-top:20px;\">\n<li><strong>Zeitersparnis<\/strong> durch automatisierte Kampagnen.<\/li>\n<li><strong>Hohe \u00d6ffnungsraten<\/strong> im Vergleich zu E-Mail.<\/li>\n<li><strong>Personalisierte Kommunikation<\/strong>.<\/li>\n<li><strong>Vielseitigkeit<\/strong>: Aktionen und Neuigkeiten versenden.<\/li>\n<\/ul>\n<\/div>\n\n<div style=\"flex:1;min-width:300px;\">\n<figure class=\"wp-block-image size-large\" style=\"margin:0;\">\n<img decoding=\"async\" src=\"https:\/\/recallclinics.com\/wp-content\/uploads\/2025\/07\/marketing.png\" alt=\"Automatisiertes Marketing\" style=\"width:100%;height:auto;border-radius:8px;\"\/>\n<\/figure>\n<\/div>\n\n<\/div>\n<\/div>\n\n<\/div>\n\n\n<\/div><\/div>\n<\/div>\n<!-- \/wp:block -->\n\n<!-- \/wp:html --><\/div>\n<!-- \/wp:gutena\/tab --><\/div><\/div>\n<!-- \/wp:gutena\/tabs -->\r\n\r\n\r\n<div class=\"wp-block-spacer\" style=\"height: 85px;\" aria-hidden=\"true\">\u00a0<\/div>\r\n\r\n\r\n\r\n<p>[vc_empty_space height=&#8221;16px&#8221;] [vc_column_text]<\/p>\r\n<h1 style=\"text-align: center;\">Eine 15-min\u00fctige Demo anfordern<\/h1>\r\n<p>[\/vc_column_text] [vc_empty_space height=&#8221;23px&#8221;] [vc_column_text]<\/p>\r\n<h3 style=\"text-align: center;\">Vereinbaren Sie noch heute eine pers\u00f6nliche Session und sehen Sie, wie Sie die Verwaltung optimieren und die Rentabilit\u00e4t Ihrer Praxis oder Ihres medizinischen Zentrums steigern k\u00f6nnen.<\/h3>\r\n<p>[\/vc_column_text] [vc_empty_space height=&#8221;50px&#8221;]<\/p>\r\n<!-- Cal inline embed code begins -->\r\n<div id=\"my-cal-inline-30min\" style=\"width: 100%; height: 100%; overflow: scroll;\">\u00a0<\/div>\r\n<p><script type=\"text\/javascript\">\r\n  (function (C, A, L) { let p = function (a, ar) { a.q.push(ar); }; let d = C.document; C.Cal = C.Cal || function () { let cal = C.Cal; let ar = arguments; if (!cal.loaded) { cal.ns = {}; cal.q = cal.q || []; d.head.appendChild(d.createElement(\"script\")).src = A; cal.loaded = true; } if (ar[0] === L) { const api = function () { p(api, arguments); }; const namespace = ar[1]; api.q = api.q || []; if(typeof namespace === \"string\"){cal.ns[namespace] = cal.ns[namespace] || api;p(cal.ns[namespace], ar);p(cal, [\"initNamespace\", namespace]);} else p(cal, ar); return;} p(cal, ar); }; })(window, \"https:\/\/app.cal.com\/embed\/embed.js\", \"init\");\r\nCal(\"init\", \"30min\", {origin:\"https:\/\/app.cal.com\"});\r\n\r\n  Cal.ns[\"30min\"](\"inline\", {\r\n    elementOrSelector:\"#my-cal-inline-30min\",\r\n    config: {\"layout\":\"month_view\"},\r\n    calLink: \"matthias-recall\/30min\",\r\n  });\r\n\r\n  Cal.ns[\"30min\"](\"ui\", {\"hideEventTypeDetails\":false,\"layout\":\"month_view\"});\r\n  <\/script><\/p>\r\n<!-- Cal inline embed code ends -->\r\n\r\n\r\n<div class=\"wp-block-spacer\" style=\"height: 40px;\" aria-hidden=\"true\">\u00a0<\/div>\r\n\r\n\r\n\r\n<p>&nbsp;<\/p>\r\n","protected":false},"excerpt":{"rendered":"<p>[vc_column_text] LEISTUNGEN [\/vc_column_text] [vc_empty_space height=&#8221;16px&#8221;] [vc_column_text] Intelligente L\u00f6sungen, die die Verwaltungslast reduzieren und den Umsatz steigern [\/vc_column_text] [vc_empty_space height=&#8221;23px&#8221;] [vc_column_text] Unser konversationaler KI-Agent \u00fcbernimmt Verwaltungsaufgaben, entlastet Ihr Empfangsteam und erm\u00f6glicht ihm, Ihre Patientinnen und Patienten besser zu betreuen. Dies sind die Leistungen, die Recall in&#8230;<\/p>\n","protected":false},"author":1,"featured_media":1764,"parent":0,"menu_order":0,"comment_status":"closed","ping_status":"closed","template":"","meta":{"content-type":"","footnotes":""},"class_list":["post-1057","page","type-page","status-publish","has-post-thumbnail","hentry"],"translation":{"provider":"WPGlobus","version":"3.0.0","language":"de","enabled_languages":["es","en","de","fr","it","pt"],"languages":{"es":{"title":true,"content":true,"excerpt":false},"en":{"title":true,"content":true,"excerpt":false},"de":{"title":true,"content":true,"excerpt":false},"fr":{"title":true,"content":true,"excerpt":false},"it":{"title":true,"content":true,"excerpt":false},"pt":{"title":true,"content":true,"excerpt":false}}},"featured_image_src":"https:\/\/recallclinics.com\/wp-content\/uploads\/2025\/07\/Servicios-de-Recall.png","yoast_head":"<!-- This site is optimized with the Yoast SEO plugin v26.1 - https:\/\/yoast.com\/wordpress\/plugins\/seo\/ -->\n<title>Leistungen - Recall<\/title>\n<meta name=\"robots\" content=\"index, follow, max-snippet:-1, max-image-preview:large, max-video-preview:-1\" \/>\n<link rel=\"canonical\" href=\"https:\/\/recallclinics.com\/servicios\/\" \/>\n<meta property=\"og:locale\" content=\"de_DE\" \/>\n<meta property=\"og:type\" content=\"article\" \/>\n<meta property=\"og:title\" content=\"Leistungen - Recall\" \/>\n<meta property=\"og:url\" content=\"https:\/\/recallclinics.com\/servicios\/\" \/>\n<meta property=\"og:site_name\" content=\"Recall\" \/>\n<meta property=\"article:modified_time\" content=\"2026-03-26T16:41:34+00:00\" \/>\n<meta property=\"og:image\" content=\"https:\/\/recallclinics.com\/wp-content\/uploads\/2025\/07\/Servicios-de-Recall.png\" \/>\n\t<meta property=\"og:image:width\" content=\"2158\" \/>\n\t<meta property=\"og:image:height\" content=\"1150\" \/>\n\t<meta property=\"og:image:type\" content=\"image\/png\" \/>\n<meta name=\"twitter:card\" content=\"summary_large_image\" \/>\n<meta name=\"twitter:label1\" content=\"Est. reading time\" \/>\n\t<meta name=\"twitter:data1\" content=\"1 minute\" \/>\n<script type=\"application\/ld+json\" class=\"yoast-schema-graph\">{\"@context\":\"https:\/\/schema.org\",\"@graph\":[{\"@type\":\"WebPage\",\"@id\":\"https:\/\/recallclinics.com\/servicios\/\",\"url\":\"https:\/\/recallclinics.com\/servicios\/\",\"name\":\"Leistungen - Recall\",\"isPartOf\":{\"@id\":\"https:\/\/recallclinics.com\/#website\"},\"primaryImageOfPage\":{\"@id\":\"https:\/\/recallclinics.com\/servicios\/#primaryimage\"},\"image\":{\"@id\":\"https:\/\/recallclinics.com\/servicios\/#primaryimage\"},\"thumbnailUrl\":\"https:\/\/recallclinics.com\/wp-content\/uploads\/2025\/07\/Servicios-de-Recall.png\",\"datePublished\":\"2025-07-11T06:30:06+00:00\",\"dateModified\":\"2026-03-26T16:41:34+00:00\",\"breadcrumb\":{\"@id\":\"https:\/\/recallclinics.com\/servicios\/#breadcrumb\"},\"inLanguage\":\"de-DE\",\"potentialAction\":[{\"@type\":\"ReadAction\",\"target\":[\"https:\/\/recallclinics.com\/servicios\/\"]}]},{\"@type\":\"ImageObject\",\"inLanguage\":\"de-DE\",\"@id\":\"https:\/\/recallclinics.com\/servicios\/#primaryimage\",\"url\":\"https:\/\/recallclinics.com\/wp-content\/uploads\/2025\/07\/Servicios-de-Recall.png\",\"contentUrl\":\"https:\/\/recallclinics.com\/wp-content\/uploads\/2025\/07\/Servicios-de-Recall.png\",\"width\":2158,\"height\":1150},{\"@type\":\"BreadcrumbList\",\"@id\":\"https:\/\/recallclinics.com\/servicios\/#breadcrumb\",\"itemListElement\":[{\"@type\":\"ListItem\",\"position\":1,\"name\":\"Portada\",\"item\":\"https:\/\/recallclinics.com\/\"},{\"@type\":\"ListItem\",\"position\":2,\"name\":\"Servicios\"}]},{\"@type\":\"WebSite\",\"@id\":\"https:\/\/recallclinics.com\/#website\",\"url\":\"https:\/\/recallclinics.com\/\",\"name\":\"Recall\",\"description\":\"Reduzca tareas administrativas y aumente la facturaci\u00f3n de su cl\u00ednica \",\"potentialAction\":[{\"@type\":\"SearchAction\",\"target\":{\"@type\":\"EntryPoint\",\"urlTemplate\":\"https:\/\/recallclinics.com\/?s={search_term_string}\"},\"query-input\":{\"@type\":\"PropertyValueSpecification\",\"valueRequired\":true,\"valueName\":\"search_term_string\"}}],\"inLanguage\":\"de-DE\"}]}<\/script>\n<!-- \/ Yoast SEO plugin. -->","yoast_head_json":{"title":"Leistungen - Recall","robots":{"index":"index","follow":"follow","max-snippet":"max-snippet:-1","max-image-preview":"max-image-preview:large","max-video-preview":"max-video-preview:-1"},"canonical":"https:\/\/recallclinics.com\/servicios\/","og_locale":"de_DE","og_type":"article","og_title":"Leistungen - Recall","og_url":"https:\/\/recallclinics.com\/servicios\/","og_site_name":"Recall","article_modified_time":"2026-03-26T16:41:34+00:00","og_image":[{"width":2158,"height":1150,"url":"https:\/\/recallclinics.com\/wp-content\/uploads\/2025\/07\/Servicios-de-Recall.png","type":"image\/png"}],"twitter_card":"summary_large_image","twitter_misc":{"Est. reading time":"1 minute"},"schema":{"@context":"https:\/\/schema.org","@graph":[{"@type":"WebPage","@id":"https:\/\/recallclinics.com\/servicios\/","url":"https:\/\/recallclinics.com\/servicios\/","name":"Leistungen - Recall","isPartOf":{"@id":"https:\/\/recallclinics.com\/#website"},"primaryImageOfPage":{"@id":"https:\/\/recallclinics.com\/servicios\/#primaryimage"},"image":{"@id":"https:\/\/recallclinics.com\/servicios\/#primaryimage"},"thumbnailUrl":"https:\/\/recallclinics.com\/wp-content\/uploads\/2025\/07\/Servicios-de-Recall.png","datePublished":"2025-07-11T06:30:06+00:00","dateModified":"2026-03-26T16:41:34+00:00","breadcrumb":{"@id":"https:\/\/recallclinics.com\/servicios\/#breadcrumb"},"inLanguage":"de-DE","potentialAction":[{"@type":"ReadAction","target":["https:\/\/recallclinics.com\/servicios\/"]}]},{"@type":"ImageObject","inLanguage":"de-DE","@id":"https:\/\/recallclinics.com\/servicios\/#primaryimage","url":"https:\/\/recallclinics.com\/wp-content\/uploads\/2025\/07\/Servicios-de-Recall.png","contentUrl":"https:\/\/recallclinics.com\/wp-content\/uploads\/2025\/07\/Servicios-de-Recall.png","width":2158,"height":1150},{"@type":"BreadcrumbList","@id":"https:\/\/recallclinics.com\/servicios\/#breadcrumb","itemListElement":[{"@type":"ListItem","position":1,"name":"Portada","item":"https:\/\/recallclinics.com\/"},{"@type":"ListItem","position":2,"name":"Servicios"}]},{"@type":"WebSite","@id":"https:\/\/recallclinics.com\/#website","url":"https:\/\/recallclinics.com\/","name":"Recall","description":"Reduzca tareas administrativas y aumente la facturaci\u00f3n de su cl\u00ednica ","potentialAction":[{"@type":"SearchAction","target":{"@type":"EntryPoint","urlTemplate":"https:\/\/recallclinics.com\/?s={search_term_string}"},"query-input":{"@type":"PropertyValueSpecification","valueRequired":true,"valueName":"search_term_string"}}],"inLanguage":"de-DE"}]}},"_links":{"self":[{"href":"https:\/\/recallclinics.com\/de\/wp-json\/wp\/v2\/pages\/1057","targetHints":{"allow":["GET"]}}],"collection":[{"href":"https:\/\/recallclinics.com\/de\/wp-json\/wp\/v2\/pages"}],"about":[{"href":"https:\/\/recallclinics.com\/de\/wp-json\/wp\/v2\/types\/page"}],"author":[{"embeddable":true,"href":"https:\/\/recallclinics.com\/de\/wp-json\/wp\/v2\/users\/1"}],"replies":[{"embeddable":true,"href":"https:\/\/recallclinics.com\/de\/wp-json\/wp\/v2\/comments?post=1057"}],"version-history":[{"count":196,"href":"https:\/\/recallclinics.com\/de\/wp-json\/wp\/v2\/pages\/1057\/revisions"}],"predecessor-version":[{"id":2338,"href":"https:\/\/recallclinics.com\/de\/wp-json\/wp\/v2\/pages\/1057\/revisions\/2338"}],"wp:featuredmedia":[{"embeddable":true,"href":"https:\/\/recallclinics.com\/de\/wp-json\/wp\/v2\/media\/1764"}],"wp:attachment":[{"href":"https:\/\/recallclinics.com\/de\/wp-json\/wp\/v2\/media?parent=1057"}],"curies":[{"name":"wp","href":"https:\/\/api.w.org\/{rel}","templated":true}]}}