{"id":2220,"date":"2026-01-19T09:35:33","date_gmt":"2026-01-19T09:35:33","guid":{"rendered":"https:\/\/recallclinics.com\/?page_id=2220"},"modified":"2026-03-26T16:54:56","modified_gmt":"2026-03-26T16:54:56","slug":"contacto","status":"publish","type":"page","link":"https:\/\/recallclinics.com\/de\/contacto\/","title":{"rendered":"Kontakt"},"content":{"rendered":"<div class=\"wpb-content-wrapper\"><p>[vc_row row_type=&#8221;parallax&#8221; parallax_content_width=&#8221;in_grid&#8221; text_align=&#8221;left&#8221; full_screen_section_height=&#8221;no&#8221; anchor=&#8221;servicios&#8221;][vc_column][qode_elements_holder number_of_columns=&#8221;one_column&#8221;][qode_elements_holder_item horizontal_alignment=&#8221;center&#8221; advanced_animations=&#8221;no&#8221; item_padding=&#8221;127px 16% 70px&#8221; item_padding_768_1024=&#8221;127px 10% 70px&#8221; item_padding_600_768=&#8221;127px 4% 70px&#8221; item_padding_480_600=&#8221;127px 0% 70px&#8221; item_padding_480=&#8221;127px 0% 70px&#8221;][vc_column_text css=&#8221;&#8221;]<\/p>\n<h6>KONTAKT<\/h6>\n<p>[\/vc_column_text][vc_empty_space height=&#8221;16px&#8221;][vc_column_text css=&#8221;&#8221;]<\/p>\n<h2 style=\"text-align: center;\" data-start=\"159\" data-end=\"367\">Haben Sie Fragen, Vorschl\u00e4ge oder ben\u00f6tigen Sie weitere Informationen?<\/h2>\n<p>[\/vc_column_text][vc_empty_space height=&#8221;50px&#8221;][vc_column_text css=&#8221;&#8221;]<\/p>\n<h3 style=\"text-align: center;\" data-start=\"159\" data-end=\"367\">Wir helfen Ihnen gerne weiter. Schreiben Sie uns direkt und wir melden uns so schnell wie m\u00f6glich bei Ihnen. Unser Team pr\u00fcft jede Nachricht sorgf\u00e4ltig, um Ihnen eine klare und individuelle Antwort zu geben.<\/h3>\n<h3 style=\"text-align: center;\" data-start=\"369\" data-end=\"512\"><\/h3>\n<p>[\/vc_column_text][vc_empty_space height=&#8221;50px&#8221;][vc_row_inner row_type=&#8221;row&#8221; type=&#8221;full_width&#8221; text_align=&#8221;left&#8221; css_animation=&#8221;&#8221;][vc_column_inner width=&#8221;1\/3&#8243;][\/vc_column_inner][vc_column_inner width=&#8221;1\/3&#8243;][vc_empty_space height=&#8221;11px&#8221;][vc_column_text css=&#8221;&#8221;]<\/p>\n<h5 style=\"text-align: left;\"><span data-type=\"normal\"  class=\"qode_icon_shortcode  q_font_awsome_icon fa-lg  \" style=\"margin: 0px 12px 0px 0px; \"><i class=\"qodef-icon-dripicons dripicon dripicons-message qode_icon_element\" style=\"font-size: 20px;color: #000;\" ><\/i><\/span> <a href=\"mailto:info@recallclinics.com\" target=\"_blank\" rel=\"noopener\"><b>info@recallclinics.com<\/b><\/a><\/h5>\n<p>[\/vc_column_text]<div class='q_icon_with_title tiny normal_icon left_from_title '><div class=\"icon_text_holder\" style=\"\"><div class=\"icon_text_inner\" style=\"\"><div class=\"icon_title_holder\"><div class=\"icon_holder q_icon_animation\" style=\" \"><span data-icon-type=\"normal\" class=\"qode_iwt_icon_holder q_font_awsome_icon fa-lg  \"><i class=\"qodef-icon-dripicons dripicon dripicons-device-tablet qode_iwt_icon_element\" style=\"color: #000000\"><\/i><\/span><\/div><h5 class=\"icon_title\" style=\"\">+493083790673<\/h5><\/div><p style=''><\/p><\/div><\/div><\/div>[vc_empty_space height=&#8221;20px&#8221;][vc_empty_space height=&#8221;20px&#8221;][\/vc_column_inner][vc_column_inner width=&#8221;1\/3&#8243;][\/vc_column_inner][\/vc_row_inner][\/qode_elements_holder_item][\/qode_elements_holder][\/vc_column][\/vc_row][vc_row css_animation=&#8221;&#8221; row_type=&#8221;row&#8221; use_row_as_full_screen_section=&#8221;no&#8221; type=&#8221;full_width&#8221; angled_section=&#8221;no&#8221; text_align=&#8221;center&#8221; background_image_as_pattern=&#8221;without_pattern&#8221; z_index=&#8221;&#8221; css=&#8221;.vc_custom_1768817182629{background-color: #00BCD4 !important;}&#8221;][vc_column][vc_empty_space height=&#8221;15px&#8221;][\/vc_column][\/vc_row][vc_row css_animation=&#8221;&#8221; row_type=&#8221;row&#8221; use_row_as_full_screen_section=&#8221;no&#8221; type=&#8221;grid&#8221; angled_section=&#8221;no&#8221; text_align=&#8221;center&#8221; background_image_as_pattern=&#8221;without_pattern&#8221; z_index=&#8221;&#8221; css=&#8221;.vc_custom_1752910380304{padding-top: 128px !important;padding-bottom: 118px !important;}&#8221; anchor=&#8221;demo15&#8243;][vc_column][vc_column_text css=&#8221;&#8221;]<\/p>\n<h2>Eine 15-min\u00fctige Demo anfordern<\/h2>\n<p>[\/vc_column_text][qode_elements_holder number_of_columns=&#8221;one_column&#8221;][qode_elements_holder_item horizontal_alignment=&#8221;center&#8221; advanced_animations=&#8221;no&#8221; item_padding=&#8221;16px 16% 70px&#8221; item_padding_768_1024=&#8221;16px 10% 70px&#8221; item_padding_600_768=&#8221;16px 4% 70px&#8221; item_padding_480_600=&#8221;16px 0% 70px&#8221; item_padding_480=&#8221;16px 0% 70px&#8221;][vc_column_text css=&#8221;&#8221;]<\/p>\n<h3>Vereinbaren Sie noch heute eine pers\u00f6nliche Session und sehen Sie, wie Sie Ihre Abl\u00e4ufe optimieren und die Rentabilit\u00e4t Ihrer Klinik steigern k\u00f6nnen.<\/h3>\n<p>[\/vc_column_text][\/qode_elements_holder_item][\/qode_elements_holder][vc_raw_html css=&#8221;&#8221;]JTNDJTIxLS0lMjBDYWwlMjBpbmxpbmUlMjBlbWJlZCUyMGNvZGUlMjBiZWdpbnMlMjAtLSUzRSUwQSUzQ2RpdiUyMHN0eWxlJTNEJTIyd2lkdGglM0ExMDAlMjUlM0JoZWlnaHQlM0ExMDAlMjUlM0JvdmVyZmxvdyUzQXNjcm9sbCUyMiUyMGlkJTNEJTIybXktY2FsLWlubGluZS0xNW1pbiUyMiUzRSUzQyUyRmRpdiUzRSUwQSUzQ3NjcmlwdCUyMHR5cGUlM0QlMjJ0ZXh0JTJGamF2YXNjcmlwdCUyMiUzRSUwQSUyMCUyMCUyOGZ1bmN0aW9uJTIwJTI4QyUyQyUyMEElMkMlMjBMJTI5JTIwJTdCJTIwbGV0JTIwcCUyMCUzRCUyMGZ1bmN0aW9uJTIwJTI4YSUyQyUyMGFyJTI5JTIwJTdCJTIwYS5xLnB1c2glMjhhciUyOSUzQiUyMCU3RCUzQiUyMGxldCUyMGQlMjAlM0QlMjBDLmRvY3VtZW50JTNCJTIwQy5DYWwlMjAlM0QlMjBDLkNhbCUyMCU3QyU3QyUyMGZ1bmN0aW9uJTIwJTI4JTI5JTIwJTdCJTIwbGV0JTIwY2FsJTIwJTNEJTIwQy5DYWwlM0IlMjBsZXQlMjBhciUyMCUzRCUyMGFyZ3VtZW50cyUzQiUyMGlmJTIwJTI4JTIxY2FsLmxvYWRlZCUyOSUyMCU3QiUyMGNhbC5ucyUyMCUzRCUyMCU3QiU3RCUzQiUyMGNhbC5xJTIwJTNEJTIwY2FsLnElMjAlN0MlN0MlMjAlNUIlNUQlM0IlMjBkLmhlYWQuYXBwZW5kQ2hpbGQlMjhkLmNyZWF0ZUVsZW1lbnQlMjglMjJzY3JpcHQlMjIlMjklMjkuc3JjJTIwJTNEJTIwQSUzQiUyMGNhbC5sb2FkZWQlMjAlM0QlMjB0cnVlJTNCJTIwJTdEJTIwaWYlMjAlMjhhciU1QjAlNUQlMjAlM0QlM0QlM0QlMjBMJTI5JTIwJTdCJTIwY29uc3QlMjBhcGklMjAlM0QlMjBmdW5jdGlvbiUyMCUyOCUyOSUyMCU3QiUyMHAlMjhhcGklMkMlMjBhcmd1bWVudHMlMjklM0IlMjAlN0QlM0IlMjBjb25zdCUyMG5hbWVzcGFjZSUyMCUzRCUyMGFyJTVCMSU1RCUzQiUyMGFwaS5xJTIwJTNEJTIwYXBpLnElMjAlN0MlN0MlMjAlNUIlNUQlM0IlMjBpZiUyOHR5cGVvZiUyMG5hbWVzcGFjZSUyMCUzRCUzRCUzRCUyMCUyMnN0cmluZyUyMiUyOSU3QmNhbC5ucyU1Qm5hbWVzcGFjZSU1RCUyMCUzRCUyMGNhbC5ucyU1Qm5hbWVzcGFjZSU1RCUyMCU3QyU3QyUyMGFwaSUzQnAlMjhjYWwubnMlNUJuYW1lc3BhY2UlNUQlMkMlMjBhciUyOSUzQnAlMjhjYWwlMkMlMjAlNUIlMjJpbml0TmFtZXNwYWNlJTIyJTJDJTIwbmFtZXNwYWNlJTVEJTI5JTNCJTdEJTIwZWxzZSUyMHAlMjhjYWwlMkMlMjBhciUyOSUzQiUyMHJldHVybiUzQiU3RCUyMHAlMjhjYWwlMkMlMjBhciUyOSUzQiUyMCU3RCUzQiUyMCU3RCUyOSUyOHdpbmRvdyUyQyUyMCUyMmh0dHBzJTNBJTJGJTJGYXBwLmNhbC5jb20lMkZlbWJlZCUyRmVtYmVkLmpzJTIyJTJDJTIwJTIyaW5pdCUyMiUyOSUzQiUwQUNhbCUyOCUyMmluaXQlMjIlMkMlMjAlMjIxNW1pbiUyMiUyQyUyMCU3Qm9yaWdpbiUzQSUyMmh0dHBzJTNBJTJGJTJGYXBwLmNhbC5jb20lMjIlN0QlMjklM0IlMEElMEElMjAlMjBDYWwubnMlNUIlMjIxNW1pbiUyMiU1RCUyOCUyMmlubGluZSUyMiUyQyUyMCU3QiUwQSUyMCUyMCUyMCUyMGVsZW1lbnRPclNlbGVjdG9yJTNBJTIyJTIzbXktY2FsLWlubGluZS0xNW1pbiUyMiUyQyUwQSUyMCUyMCUyMCUyMGNvbmZpZyUzQSUyMCU3QiUyMmxheW91dCUyMiUzQSUyMm1vbnRoX3ZpZXclMjIlMkMlMjJ1c2VTbG90c1ZpZXdPblNtYWxsU2NyZWVuJTIyJTNBJTIydHJ1ZSUyMiUyQyUyMnRoZW1lJTIyJTNBJTIybGlnaHQlMjIlN0QlMkMlMEElMjAlMjAlMjAlMjBjYWxMaW5rJTNBJTIwJTIydmljdG9yLXJlY2FsbCUyRjE1bWluJTIyJTJDJTBBJTIwJTIwJTdEJTI5JTNCJTBBJTBBJTIwJTIwQ2FsLm5zJTVCJTIyMTVtaW4lMjIlNUQlMjglMjJ1aSUyMiUyQyUyMCU3QiUyMnRoZW1lJTIyJTNBJTIybGlnaHQlMjIlMkMlMjJjc3NWYXJzUGVyVGhlbWUlMjIlM0ElN0IlMjJsaWdodCUyMiUzQSU3QiUyMmNhbC1icmFuZCUyMiUzQSUyMiUyMzAwREJBOCUyMiU3RCU3RCUyQyUyMmhpZGVFdmVudFR5cGVEZXRhaWxzJTIyJTNBZmFsc2UlMkMlMjJsYXlvdXQlMjIlM0ElMjJtb250aF92aWV3JTIyJTdEJTI5JTNCJTBBJTIwJTIwJTNDJTJGc2NyaXB0JTNFJTBBJTIwJTIwJTNDJTIxLS0lMjBDYWwlMjBpbmxpbmUlMjBlbWJlZCUyMGNvZGUlMjBlbmRzJTIwLS0lM0U=[\/vc_raw_html][\/vc_column][\/vc_row][vc_row css_animation=&#8221;&#8221; row_type=&#8221;row&#8221; use_row_as_full_screen_section=&#8221;no&#8221; type=&#8221;full_width&#8221; angled_section=&#8221;no&#8221; text_align=&#8221;left&#8221; background_image_as_pattern=&#8221;without_pattern&#8221;][vc_column][\/vc_column][\/vc_row]<\/p>\n<\/div>","protected":false},"excerpt":{"rendered":"<p>[vc_row row_type=&#8221;parallax&#8221; parallax_content_width=&#8221;in_grid&#8221; text_align=&#8221;left&#8221; full_screen_section_height=&#8221;no&#8221; anchor=&#8221;servicios&#8221;][vc_column][qode_elements_holder number_of_columns=&#8221;one_column&#8221;][qode_elements_holder_item horizontal_alignment=&#8221;center&#8221; advanced_animations=&#8221;no&#8221; item_padding=&#8221;127px 16% 70px&#8221; item_padding_768_1024=&#8221;127px 10% 70px&#8221; item_padding_600_768=&#8221;127px 4% 70px&#8221; item_padding_480_600=&#8221;127px 0% 70px&#8221; item_padding_480=&#8221;127px 0% 70px&#8221;][vc_column_text css=&#8221;&#8221;] KONTAKT [\/vc_column_text][vc_empty_space height=&#8221;16px&#8221;][vc_column_text css=&#8221;&#8221;] Haben Sie Fragen, Vorschl\u00e4ge oder ben\u00f6tigen Sie weitere Informationen? [\/vc_column_text][vc_empty_space height=&#8221;50px&#8221;][vc_column_text css=&#8221;&#8221;] Wir helfen Ihnen gerne&#8230;<\/p>\n","protected":false},"author":1,"featured_media":823,"parent":0,"menu_order":0,"comment_status":"closed","ping_status":"closed","template":"full_width.php","meta":{"content-type":"","footnotes":""},"class_list":["post-2220","page","type-page","status-publish","has-post-thumbnail","hentry"],"translation":{"provider":"WPGlobus","version":"3.0.0","language":"de","enabled_languages":["es","en","de","fr","it","pt"],"languages":{"es":{"title":true,"content":true,"excerpt":false},"en":{"title":true,"content":true,"excerpt":false},"de":{"title":true,"content":true,"excerpt":false},"fr":{"title":true,"content":true,"excerpt":false},"it":{"title":true,"content":true,"excerpt":false},"pt":{"title":true,"content":true,"excerpt":false}}},"featured_image_src":"https:\/\/recallclinics.com\/wp-content\/uploads\/2025\/07\/portada-sinlogo-1.jpg","yoast_head":"<!-- This site is optimized with the Yoast SEO plugin v26.1 - https:\/\/yoast.com\/wordpress\/plugins\/seo\/ -->\n<title>Kontakt - Recall<\/title>\n<meta name=\"description\" content=\"Wir helfen Ihnen gerne weiter. Schreiben Sie uns direkt und wir melden uns so schnell wie m\u00f6glich bei Ihnen.\" \/>\n<meta name=\"robots\" content=\"index, follow, max-snippet:-1, max-image-preview:large, max-video-preview:-1\" \/>\n<link rel=\"canonical\" href=\"https:\/\/recallclinics.com\/contacto\/\" \/>\n<meta property=\"og:locale\" content=\"de_DE\" \/>\n<meta property=\"og:type\" content=\"article\" \/>\n<meta property=\"og:title\" content=\"Kontakt - Recall\" \/>\n<meta property=\"og:description\" content=\"Wir helfen Ihnen gerne weiter. Schreiben Sie uns direkt und wir melden uns so schnell wie m\u00f6glich bei Ihnen.\" \/>\n<meta property=\"og:url\" content=\"https:\/\/recallclinics.com\/contacto\/\" \/>\n<meta property=\"og:site_name\" content=\"Recall\" \/>\n<meta property=\"article:modified_time\" content=\"2026-03-26T16:54:56+00:00\" \/>\n<meta property=\"og:image\" content=\"https:\/\/recallclinics.com\/wp-content\/uploads\/2025\/07\/portada-sinlogo-1.jpg\" \/>\n\t<meta property=\"og:image:width\" content=\"2048\" \/>\n\t<meta property=\"og:image:height\" content=\"2048\" \/>\n\t<meta property=\"og:image:type\" content=\"image\/jpeg\" \/>\n<meta name=\"twitter:card\" content=\"summary_large_image\" \/>\n<meta name=\"twitter:label1\" content=\"Est. reading time\" \/>\n\t<meta name=\"twitter:data1\" content=\"2 minutes\" \/>\n<script type=\"application\/ld+json\" class=\"yoast-schema-graph\">{\"@context\":\"https:\/\/schema.org\",\"@graph\":[{\"@type\":\"WebPage\",\"@id\":\"https:\/\/recallclinics.com\/contacto\/\",\"url\":\"https:\/\/recallclinics.com\/contacto\/\",\"name\":\"Kontakt - Recall\",\"isPartOf\":{\"@id\":\"https:\/\/recallclinics.com\/#website\"},\"primaryImageOfPage\":{\"@id\":\"https:\/\/recallclinics.com\/contacto\/#primaryimage\"},\"image\":{\"@id\":\"https:\/\/recallclinics.com\/contacto\/#primaryimage\"},\"thumbnailUrl\":\"https:\/\/recallclinics.com\/wp-content\/uploads\/2025\/07\/portada-sinlogo-1.jpg\",\"datePublished\":\"2026-01-19T09:35:33+00:00\",\"dateModified\":\"2026-03-26T16:54:56+00:00\",\"description\":\"Wir helfen Ihnen gerne weiter. Schreiben Sie uns direkt und wir melden uns so schnell wie m\u00f6glich bei Ihnen.\",\"breadcrumb\":{\"@id\":\"https:\/\/recallclinics.com\/contacto\/#breadcrumb\"},\"inLanguage\":\"de-DE\",\"potentialAction\":[{\"@type\":\"ReadAction\",\"target\":[\"https:\/\/recallclinics.com\/contacto\/\"]}]},{\"@type\":\"ImageObject\",\"inLanguage\":\"de-DE\",\"@id\":\"https:\/\/recallclinics.com\/contacto\/#primaryimage\",\"url\":\"https:\/\/recallclinics.com\/wp-content\/uploads\/2025\/07\/portada-sinlogo-1.jpg\",\"contentUrl\":\"https:\/\/recallclinics.com\/wp-content\/uploads\/2025\/07\/portada-sinlogo-1.jpg\",\"width\":2048,\"height\":2048},{\"@type\":\"BreadcrumbList\",\"@id\":\"https:\/\/recallclinics.com\/contacto\/#breadcrumb\",\"itemListElement\":[{\"@type\":\"ListItem\",\"position\":1,\"name\":\"Portada\",\"item\":\"https:\/\/recallclinics.com\/\"},{\"@type\":\"ListItem\",\"position\":2,\"name\":\"Contato\"}]},{\"@type\":\"WebSite\",\"@id\":\"https:\/\/recallclinics.com\/#website\",\"url\":\"https:\/\/recallclinics.com\/\",\"name\":\"Recall\",\"description\":\"Reduzca tareas administrativas y aumente la facturaci\u00f3n de su cl\u00ednica \",\"potentialAction\":[{\"@type\":\"SearchAction\",\"target\":{\"@type\":\"EntryPoint\",\"urlTemplate\":\"https:\/\/recallclinics.com\/?s={search_term_string}\"},\"query-input\":{\"@type\":\"PropertyValueSpecification\",\"valueRequired\":true,\"valueName\":\"search_term_string\"}}],\"inLanguage\":\"de-DE\"}]}<\/script>\n<!-- \/ Yoast SEO plugin. -->","yoast_head_json":{"title":"Kontakt - Recall","description":"Wir helfen Ihnen gerne weiter. Schreiben Sie uns direkt und wir melden uns so schnell wie m\u00f6glich bei Ihnen.","robots":{"index":"index","follow":"follow","max-snippet":"max-snippet:-1","max-image-preview":"max-image-preview:large","max-video-preview":"max-video-preview:-1"},"canonical":"https:\/\/recallclinics.com\/contacto\/","og_locale":"de_DE","og_type":"article","og_title":"Kontakt - Recall","og_description":"Wir helfen Ihnen gerne weiter. Schreiben Sie uns direkt und wir melden uns so schnell wie m\u00f6glich bei Ihnen.","og_url":"https:\/\/recallclinics.com\/contacto\/","og_site_name":"Recall","article_modified_time":"2026-03-26T16:54:56+00:00","og_image":[{"width":2048,"height":2048,"url":"https:\/\/recallclinics.com\/wp-content\/uploads\/2025\/07\/portada-sinlogo-1.jpg","type":"image\/jpeg"}],"twitter_card":"summary_large_image","twitter_misc":{"Est. reading time":"2 minutes"},"schema":{"@context":"https:\/\/schema.org","@graph":[{"@type":"WebPage","@id":"https:\/\/recallclinics.com\/contacto\/","url":"https:\/\/recallclinics.com\/contacto\/","name":"Kontakt - Recall","isPartOf":{"@id":"https:\/\/recallclinics.com\/#website"},"primaryImageOfPage":{"@id":"https:\/\/recallclinics.com\/contacto\/#primaryimage"},"image":{"@id":"https:\/\/recallclinics.com\/contacto\/#primaryimage"},"thumbnailUrl":"https:\/\/recallclinics.com\/wp-content\/uploads\/2025\/07\/portada-sinlogo-1.jpg","datePublished":"2026-01-19T09:35:33+00:00","dateModified":"2026-03-26T16:54:56+00:00","description":"Wir helfen Ihnen gerne weiter. Schreiben Sie uns direkt und wir melden uns so schnell wie m\u00f6glich bei Ihnen.","breadcrumb":{"@id":"https:\/\/recallclinics.com\/contacto\/#breadcrumb"},"inLanguage":"de-DE","potentialAction":[{"@type":"ReadAction","target":["https:\/\/recallclinics.com\/contacto\/"]}]},{"@type":"ImageObject","inLanguage":"de-DE","@id":"https:\/\/recallclinics.com\/contacto\/#primaryimage","url":"https:\/\/recallclinics.com\/wp-content\/uploads\/2025\/07\/portada-sinlogo-1.jpg","contentUrl":"https:\/\/recallclinics.com\/wp-content\/uploads\/2025\/07\/portada-sinlogo-1.jpg","width":2048,"height":2048},{"@type":"BreadcrumbList","@id":"https:\/\/recallclinics.com\/contacto\/#breadcrumb","itemListElement":[{"@type":"ListItem","position":1,"name":"Portada","item":"https:\/\/recallclinics.com\/"},{"@type":"ListItem","position":2,"name":"Contato"}]},{"@type":"WebSite","@id":"https:\/\/recallclinics.com\/#website","url":"https:\/\/recallclinics.com\/","name":"Recall","description":"Reduzca tareas administrativas y aumente la facturaci\u00f3n de su cl\u00ednica ","potentialAction":[{"@type":"SearchAction","target":{"@type":"EntryPoint","urlTemplate":"https:\/\/recallclinics.com\/?s={search_term_string}"},"query-input":{"@type":"PropertyValueSpecification","valueRequired":true,"valueName":"search_term_string"}}],"inLanguage":"de-DE"}]}},"_links":{"self":[{"href":"https:\/\/recallclinics.com\/de\/wp-json\/wp\/v2\/pages\/2220","targetHints":{"allow":["GET"]}}],"collection":[{"href":"https:\/\/recallclinics.com\/de\/wp-json\/wp\/v2\/pages"}],"about":[{"href":"https:\/\/recallclinics.com\/de\/wp-json\/wp\/v2\/types\/page"}],"author":[{"embeddable":true,"href":"https:\/\/recallclinics.com\/de\/wp-json\/wp\/v2\/users\/1"}],"replies":[{"embeddable":true,"href":"https:\/\/recallclinics.com\/de\/wp-json\/wp\/v2\/comments?post=2220"}],"version-history":[{"count":52,"href":"https:\/\/recallclinics.com\/de\/wp-json\/wp\/v2\/pages\/2220\/revisions"}],"predecessor-version":[{"id":2319,"href":"https:\/\/recallclinics.com\/de\/wp-json\/wp\/v2\/pages\/2220\/revisions\/2319"}],"wp:featuredmedia":[{"embeddable":true,"href":"https:\/\/recallclinics.com\/de\/wp-json\/wp\/v2\/media\/823"}],"wp:attachment":[{"href":"https:\/\/recallclinics.com\/de\/wp-json\/wp\/v2\/media?parent=2220"}],"curies":[{"name":"wp","href":"https:\/\/api.w.org\/{rel}","templated":true}]}}