{"id":1057,"date":"2025-07-11T06:30:06","date_gmt":"2025-07-11T06:30:06","guid":{"rendered":"https:\/\/recallclinics.com\/?page_id=1057"},"modified":"2026-03-26T16:41:34","modified_gmt":"2026-03-26T16:41:34","slug":"servicios","status":"publish","type":"page","link":"https:\/\/recallclinics.com\/fr\/servicios\/","title":{"rendered":"Services"},"content":{"rendered":"\r\n<div class=\"wp-block-spacer\" style=\"height: 48px;\" aria-hidden=\"true\"> <\/div>\r\n\r\n\r\n\r\n<p>[vc_column_text]<\/p>\r\n<h6 style=\"text-align: center;\">SERVICES<\/h6>\r\n<p>[\/vc_column_text] [vc_empty_space height=&#8221;16px&#8221;] [vc_column_text]<\/p>\r\n<h1 style=\"text-align: center;\">Des solutions intelligentes pour r\u00e9duire la charge administrative et augmenter le chiffre d\u2019affaires<\/h1>\r\n<p>[\/vc_column_text] [vc_empty_space height=&#8221;23px&#8221;] [vc_column_text]<\/p>\r\n<h3 style=\"text-align: center;\">Notre agent d\u2019IA conversationnelle prend en charge les t\u00e2ches administratives, all\u00e8ge la charge de votre accueil et permet \u00e0 votre \u00e9quipe de mieux accompagner vos patients. Voici les services que Recall peut fournir dans votre clinique ou centre m\u00e9dical.<\/h3>\r\n<p>[\/vc_column_text] [vc_empty_space height=&#8221;50px&#8221;]<\/p>\r\n\r\n\r\n\r\n<div class=\"wp-block-spacer\" style=\"height: 40px;\" aria-hidden=\"true\"> <\/div>\r\n\r\n\r\n\n<div class=\"wp-block-group\"><div class=\"wp-block-group__inner-container is-layout-constrained wp-block-group-is-layout-constrained\">\n<div class=\"wp-block-gutena-tabs gutena-tabs-block gutena-tabs-block-feee9c-46\"><ul class=\"gutena-tabs-tab tab-center\"><li class=\"gutena-tab-title active\" data-tab=\"1\"><div class=\"gutena-tab-title-content icon-top\"><div class=\"gutena-tab-title-text\"><div>Rendez-vous<\/div><\/div><\/div><\/li><li class=\"gutena-tab-title inactive\" data-tab=\"2\"><div class=\"gutena-tab-title-content icon-top\"><div class=\"gutena-tab-title-text\"><div>R\u00e9activation des patients<\/div><\/div><\/div><\/li><li class=\"gutena-tab-title inactive\" data-tab=\"3\"><div class=\"gutena-tab-title-content icon-top\"><div class=\"gutena-tab-title-text\"><div>Avis Google<\/div><\/div><\/div><\/li><li class=\"gutena-tab-title inactive\" data-tab=\"4\"><div class=\"gutena-tab-title-content icon-top\"><div class=\"gutena-tab-title-text\"><div>Appels IA<\/div><\/div><\/div><\/li><li class=\"gutena-tab-title inactive\" data-tab=\"5\"><div class=\"gutena-tab-title-content icon-top\"><div class=\"gutena-tab-title-text\"><div>Marketing automatis\u00e9<\/div><\/div><\/div><\/li><\/ul><div class=\"gutena-tabs-content is-layout-flow wp-block-tabs-is-layout-flow\">\n<div class=\"wp-block-gutena-tab gutena-tab-block gutena-tab-block-c7540b-cc active\" data-tab=\"1\">\n\n\n<!-- ONGLET 1 -->\n<div class=\"wp-block-gutena-tab gutena-tab-block active\" data-tab=\"1\">\n<div style=\"display:flex;flex-wrap:wrap;align-items:center;gap:40px;padding:20px 0;\">\n\n<div style=\"flex:1;min-width:300px;\">\n<h3 class=\"wp-block-heading\"><strong>Confirmation, rappel et reprogrammation des rendez-vous via WhatsApp<\/strong><\/h3>\n<p>Gr\u00e2ce aux confirmations et rappels automatiques via WhatsApp, Recall permet de confirmer jusqu\u2019\u00e0 <strong>80&nbsp;%<\/strong> de la pr\u00e9sence des patients en un seul <em>clic<\/em>. Cela r\u00e9duit la charge administrative et augmente le chiffre d\u2019affaires du cabinet.<\/p>\n\n<h5 class=\"wp-block-heading\" style=\"margin-top:20px;\">Avantages de WhatsApp par rapport aux SMS<\/h5>\n<ul style=\"padding-left:20px;\">\n<li><strong>Messages personnalis\u00e9s<\/strong> avec photos, vid\u00e9os et PDF.<\/li>\n<li>Possibilit\u00e9 d\u2019ajouter des <strong>boutons d\u2019action<\/strong>.<\/li>\n<li><strong>Confirmation en un clic<\/strong>.<\/li>\n<li><strong>Utilisation simple pour le patient<\/strong> (avec bouton d\u2019itin\u00e9raire).<\/li>\n<li>Exp\u00e9diteur fiable avec le nom du cabinet.<\/li>\n<\/ul>\n<\/div>\n\n<div style=\"flex:1;min-width:300px;\">\n<figure class=\"wp-block-video\" style=\"margin:0;\">\n<video autoplay controls loop muted preload=\"auto\" src=\"https:\/\/recallclinics.com\/wp-content\/uploads\/2025\/07\/Confirmation-with-Rescheduling.mp4\" playsinline style=\"width:100%;height:auto;border-radius:8px;\"><\/video>\n<\/figure>\n<\/div>\n\n<\/div>\n<\/div>\n\n<\/div>\n\n\n\n<div class=\"wp-block-gutena-tab gutena-tab-block gutena-tab-block-bb4ec7-76 inactive\" data-tab=\"2\">\n\n<!-- ONGLET 2 -->\n<div class=\"wp-block-gutena-tab gutena-tab-block inactive\" data-tab=\"2\">\n<div style=\"display:flex;flex-wrap:wrap;align-items:center;gap:40px;padding:20px 0;\">\n\n<div style=\"flex:1;min-width:300px;\">\n<h3 class=\"wp-block-heading\"><strong>Contact automatique avec les patients inactifs<\/strong><\/h3>\n<ul style=\"padding-left:20px;margin-top:20px;\">\n<li><strong>Augmentation du chiffre d\u2019affaires<\/strong> sans acquisition de nouveaux patients.<\/li>\n<li><strong>Meilleure exploitation<\/strong> de la base de donn\u00e9es existante.<\/li>\n<li><strong>Fid\u00e9lisation des patients<\/strong> gr\u00e2ce \u00e0 des rappels cibl\u00e9s.<\/li>\n<li><strong>Pr\u00e9vention et prise en charge proactive<\/strong> de la sant\u00e9.<\/li>\n<\/ul>\n<\/div>\n\n<div style=\"flex:1;min-width:300px;\">\n<figure class=\"wp-block-image size-large\" style=\"margin:0;\">\n<img decoding=\"async\" src=\"https:\/\/recallclinics.com\/wp-content\/uploads\/2025\/07\/reactivacion-1024x697.png\" alt=\"R\u00e9activation automatique\" style=\"width:100%;height:auto;border-radius:8px;\"\/>\n<\/figure>\n<\/div>\n\n<\/div>\n<\/div>\n\n<\/div>\n\n\n\n<div class=\"wp-block-gutena-tab gutena-tab-block gutena-tab-block-c76ff7-4e inactive\" data-tab=\"3\">\n\n<!-- ONGLET 3 -->\n<div class=\"wp-block-gutena-tab gutena-tab-block inactive\" data-tab=\"3\">\n<div style=\"display:flex;flex-wrap:wrap;align-items:center;gap:40px;padding:20px 0;\">\n\n<div style=\"flex:1;min-width:300px;\">\n<h3 class=\"wp-block-heading\"><strong>Plus d\u2019avis Google pour atteindre 5 \u00e9toiles<\/strong><\/h3>\n<ul style=\"padding-left:20px;margin-top:20px;\">\n<li>Am\u00e9liore la <strong>r\u00e9putation du cabinet<\/strong>.<\/li>\n<li>Augmente la visibilit\u00e9 aupr\u00e8s de <strong>nouveaux patients potentiels<\/strong>.<\/li>\n<li>Renforce la <strong>pr\u00e9sence digitale<\/strong>.<\/li>\n<li>Avis laiss\u00e9 en seulement <strong>3 clics<\/strong>.<\/li>\n<\/ul>\n<\/div>\n\n<div style=\"flex:1;min-width:300px;\">\n<figure class=\"wp-block-image size-large\" style=\"margin:0;\">\n<img decoding=\"async\" src=\"https:\/\/recallclinics.com\/wp-content\/uploads\/2025\/07\/google-1-1024x697.png\" alt=\"Avis Google\" style=\"width:100%;height:auto;border-radius:8px;\"\/>\n<\/figure>\n<\/div>\n\n<\/div>\n<\/div>\n\n<\/div>\n\n\n\n<div class=\"wp-block-gutena-tab gutena-tab-block gutena-tab-block-6942b0-3c inactive\" data-tab=\"4\">\n\n<!-- ONGLET 4 -->\n<div class=\"wp-block-gutena-tab gutena-tab-block inactive\" data-tab=\"4\">\n<div style=\"display:flex;flex-wrap:wrap;align-items:center;gap:40px;padding:20px 0;\">\n\n<div style=\"flex:1;min-width:300px;\">\n<h3 class=\"wp-block-heading\"><strong>Disponibilit\u00e9 24\/7 pour r\u00e9pondre \u00e0 tous les besoins des patients<\/strong><\/h3>\n<ul style=\"padding-left:20px;margin-top:20px;\">\n<li><strong>R\u00e9pond, informe et planifie<\/strong> sans intervention humaine.<\/li>\n<li>Capacit\u00e9 jusqu\u2019\u00e0 <strong>1&nbsp;000 appels simultan\u00e9s<\/strong>.<\/li>\n<li><strong>Efficacit\u00e9 accrue<\/strong> et meilleure prise en charge des patients.<\/li>\n<li><strong>Rentabilit\u00e9 optimis\u00e9e<\/strong> 24h\/24.<\/li>\n<\/ul>\n<\/div>\n\n<div style=\"flex:1;min-width:300px;\">\n<figure class=\"wp-block-image size-large\" style=\"margin:0;\">\n<img decoding=\"async\" src=\"https:\/\/recallclinics.com\/wp-content\/uploads\/2025\/07\/Llamadas-con-IA-1024x697.png\" alt=\"Appels IA\" style=\"width:100%;height:auto;border-radius:8px;\"\/>\n<\/figure>\n<\/div>\n\n<\/div>\n<\/div>\n\n<\/div>\n\n\n\n<div class=\"wp-block-gutena-tab gutena-tab-block gutena-tab-block-d2bd84-b5 inactive\" data-tab=\"5\">\n\n<!-- ONGLET 5 -->\n<div class=\"wp-block-gutena-tab gutena-tab-block inactive\" data-tab=\"5\">\n<div style=\"display:flex;flex-wrap:wrap;align-items:center;gap:40px;padding:20px 0;\">\n\n<div style=\"flex:1;min-width:300px;\">\n<h3 class=\"wp-block-heading\"><strong>Marketing automatis\u00e9 via WhatsApp<\/strong><\/h3>\n<ul style=\"padding-left:20px;margin-top:20px;\">\n<li><strong>Gain de temps<\/strong> gr\u00e2ce aux campagnes automatis\u00e9es.<\/li>\n<li><strong>Taux d\u2019ouverture \u00e9lev\u00e9s<\/strong> par rapport aux emails.<\/li>\n<li><strong>Communication personnalis\u00e9e<\/strong>.<\/li>\n<li><strong>Polyvalence<\/strong> : envoi de promotions et d\u2019actualit\u00e9s.<\/li>\n<\/ul>\n<\/div>\n\n<div style=\"flex:1;min-width:300px;\">\n<figure class=\"wp-block-image size-large\" style=\"margin:0;\">\n<img decoding=\"async\" src=\"https:\/\/recallclinics.com\/wp-content\/uploads\/2025\/07\/marketing.png\" alt=\"Marketing automatis\u00e9\" style=\"width:100%;height:auto;border-radius:8px;\"\/>\n<\/figure>\n<\/div>\n\n<\/div>\n<\/div>\n\n<\/div>\n<\/div>\n\n<\/div>\n\n\n<\/div><\/div>\n<\/div><\/div>\n<!-- \/wp:block --><\/div>\n<!-- \/wp:group -->\r\n\r\n\r\n<div class=\"wp-block-spacer\" style=\"height: 85px;\" aria-hidden=\"true\"> <\/div>\r\n\r\n\r\n\r\n<p>[vc_empty_space height=&#8221;16px&#8221;] [vc_column_text]<\/p>\r\n<h1 style=\"text-align: center;\">Demander une d\u00e9monstration de 15 minutes<\/h1>\r\n<p>[\/vc_column_text] [vc_empty_space height=&#8221;23px&#8221;] [vc_column_text]<\/p>\r\n<h3 style=\"text-align: center;\">Planifiez d\u00e8s aujourd\u2019hui une session personnalis\u00e9e et d\u00e9couvrez comment optimiser la gestion et am\u00e9liorer la rentabilit\u00e9 de votre clinique ou centre m\u00e9dical.<\/h3>\r\n<p>[\/vc_column_text] [vc_empty_space height=&#8221;50px&#8221;]<\/p>\r\n\r\n\r\n<!-- Cal inline embed code begins -->\r\n<div id=\"my-cal-inline-15min\" style=\"width: 100%; height: 100%; overflow: scroll;\"> <\/div>\r\n<p><script type=\"text\/javascript\">\r\n  (function (C, A, L) { let p = function (a, ar) { a.q.push(ar); }; let d = C.document; C.Cal = C.Cal || function () { let cal = C.Cal; let ar = arguments; if (!cal.loaded) { cal.ns = {}; cal.q = cal.q || []; d.head.appendChild(d.createElement(\"script\")).src = A; cal.loaded = true; } if (ar[0] === L) { const api = function () { p(api, arguments); }; const namespace = ar[1]; api.q = api.q || []; if(typeof namespace === \"string\"){cal.ns[namespace] = cal.ns[namespace] || api;p(cal.ns[namespace], ar);p(cal, [\"initNamespace\", namespace]);} else p(cal, ar); return;} p(cal, ar); }; })(window, \"https:\/\/app.cal.com\/embed\/embed.js\", \"init\");\r\nCal(\"init\", \"15min\", {origin:\"https:\/\/app.cal.com\"});\r\n\r\n  Cal.ns[\"15min\"](\"inline\", {\r\n    elementOrSelector:\"#my-cal-inline-15min\",\r\n    config: {\"layout\":\"month_view\",\"theme\":\"light\"},\r\n    calLink: \"recall\/15min\",\r\n  });\r\n\r\n  Cal.ns[\"15min\"](\"ui\", {\"theme\":\"light\",\"cssVarsPerTheme\":{\"light\":{\"cal-brand\":\"#38CCA5\"}},\"hideEventTypeDetails\":false,\"layout\":\"month_view\"});\r\n  <\/script><\/p>\r\n<!-- Cal inline embed code ends -->\r\n\r\n\r\n<div class=\"wp-block-spacer\" style=\"height: 40px;\" aria-hidden=\"true\"> <\/div>\r\n\r\n\r\n\r\n<p>&nbsp;<\/p>\r\n","protected":false},"excerpt":{"rendered":"<p>[vc_column_text] SERVICES [\/vc_column_text] [vc_empty_space height=&#8221;16px&#8221;] [vc_column_text] Des solutions intelligentes pour r\u00e9duire la charge administrative et augmenter le chiffre d\u2019affaires [\/vc_column_text] [vc_empty_space height=&#8221;23px&#8221;] [vc_column_text] Notre agent d\u2019IA conversationnelle prend en charge les t\u00e2ches administratives, all\u00e8ge la charge de votre accueil et permet \u00e0 votre \u00e9quipe de&#8230;<\/p>\n","protected":false},"author":1,"featured_media":1764,"parent":0,"menu_order":0,"comment_status":"closed","ping_status":"closed","template":"","meta":{"content-type":"","footnotes":""},"class_list":["post-1057","page","type-page","status-publish","has-post-thumbnail","hentry"],"translation":{"provider":"WPGlobus","version":"3.0.0","language":"fr","enabled_languages":["es","en","de","fr","it","pt"],"languages":{"es":{"title":true,"content":true,"excerpt":false},"en":{"title":true,"content":true,"excerpt":false},"de":{"title":true,"content":true,"excerpt":false},"fr":{"title":true,"content":true,"excerpt":false},"it":{"title":true,"content":true,"excerpt":false},"pt":{"title":true,"content":true,"excerpt":false}}},"featured_image_src":"https:\/\/recallclinics.com\/wp-content\/uploads\/2025\/07\/Servicios-de-Recall.png","yoast_head":"<!-- This site is optimized with the Yoast SEO plugin v26.1 - https:\/\/yoast.com\/wordpress\/plugins\/seo\/ -->\n<title>Services - Recall<\/title>\n<meta name=\"robots\" content=\"index, follow, max-snippet:-1, max-image-preview:large, max-video-preview:-1\" \/>\n<link rel=\"canonical\" href=\"https:\/\/recallclinics.com\/servicios\/\" \/>\n<meta property=\"og:locale\" content=\"fr_FR\" \/>\n<meta property=\"og:type\" content=\"article\" \/>\n<meta property=\"og:title\" content=\"Services - Recall\" \/>\n<meta property=\"og:url\" content=\"https:\/\/recallclinics.com\/servicios\/\" \/>\n<meta property=\"og:site_name\" content=\"Recall\" \/>\n<meta property=\"article:modified_time\" content=\"2026-03-26T16:41:34+00:00\" \/>\n<meta property=\"og:image\" content=\"https:\/\/recallclinics.com\/wp-content\/uploads\/2025\/07\/Servicios-de-Recall.png\" \/>\n\t<meta property=\"og:image:width\" content=\"2158\" \/>\n\t<meta property=\"og:image:height\" content=\"1150\" \/>\n\t<meta property=\"og:image:type\" content=\"image\/png\" \/>\n<meta name=\"twitter:card\" content=\"summary_large_image\" \/>\n<meta name=\"twitter:label1\" content=\"Est. reading time\" \/>\n\t<meta name=\"twitter:data1\" content=\"1 minute\" \/>\n<script type=\"application\/ld+json\" class=\"yoast-schema-graph\">{\"@context\":\"https:\/\/schema.org\",\"@graph\":[{\"@type\":\"WebPage\",\"@id\":\"https:\/\/recallclinics.com\/servicios\/\",\"url\":\"https:\/\/recallclinics.com\/servicios\/\",\"name\":\"Services - Recall\",\"isPartOf\":{\"@id\":\"https:\/\/recallclinics.com\/#website\"},\"primaryImageOfPage\":{\"@id\":\"https:\/\/recallclinics.com\/servicios\/#primaryimage\"},\"image\":{\"@id\":\"https:\/\/recallclinics.com\/servicios\/#primaryimage\"},\"thumbnailUrl\":\"https:\/\/recallclinics.com\/wp-content\/uploads\/2025\/07\/Servicios-de-Recall.png\",\"datePublished\":\"2025-07-11T06:30:06+00:00\",\"dateModified\":\"2026-03-26T16:41:34+00:00\",\"breadcrumb\":{\"@id\":\"https:\/\/recallclinics.com\/servicios\/#breadcrumb\"},\"inLanguage\":\"fr-FR\",\"potentialAction\":[{\"@type\":\"ReadAction\",\"target\":[\"https:\/\/recallclinics.com\/servicios\/\"]}]},{\"@type\":\"ImageObject\",\"inLanguage\":\"fr-FR\",\"@id\":\"https:\/\/recallclinics.com\/servicios\/#primaryimage\",\"url\":\"https:\/\/recallclinics.com\/wp-content\/uploads\/2025\/07\/Servicios-de-Recall.png\",\"contentUrl\":\"https:\/\/recallclinics.com\/wp-content\/uploads\/2025\/07\/Servicios-de-Recall.png\",\"width\":2158,\"height\":1150},{\"@type\":\"BreadcrumbList\",\"@id\":\"https:\/\/recallclinics.com\/servicios\/#breadcrumb\",\"itemListElement\":[{\"@type\":\"ListItem\",\"position\":1,\"name\":\"Portada\",\"item\":\"https:\/\/recallclinics.com\/\"},{\"@type\":\"ListItem\",\"position\":2,\"name\":\"Servicios\"}]},{\"@type\":\"WebSite\",\"@id\":\"https:\/\/recallclinics.com\/#website\",\"url\":\"https:\/\/recallclinics.com\/\",\"name\":\"Recall\",\"description\":\"Reduzca tareas administrativas y aumente la facturaci\u00f3n de su cl\u00ednica \",\"potentialAction\":[{\"@type\":\"SearchAction\",\"target\":{\"@type\":\"EntryPoint\",\"urlTemplate\":\"https:\/\/recallclinics.com\/?s={search_term_string}\"},\"query-input\":{\"@type\":\"PropertyValueSpecification\",\"valueRequired\":true,\"valueName\":\"search_term_string\"}}],\"inLanguage\":\"fr-FR\"}]}<\/script>\n<!-- \/ Yoast SEO plugin. -->","yoast_head_json":{"title":"Services - Recall","robots":{"index":"index","follow":"follow","max-snippet":"max-snippet:-1","max-image-preview":"max-image-preview:large","max-video-preview":"max-video-preview:-1"},"canonical":"https:\/\/recallclinics.com\/servicios\/","og_locale":"fr_FR","og_type":"article","og_title":"Services - Recall","og_url":"https:\/\/recallclinics.com\/servicios\/","og_site_name":"Recall","article_modified_time":"2026-03-26T16:41:34+00:00","og_image":[{"width":2158,"height":1150,"url":"https:\/\/recallclinics.com\/wp-content\/uploads\/2025\/07\/Servicios-de-Recall.png","type":"image\/png"}],"twitter_card":"summary_large_image","twitter_misc":{"Est. reading time":"1 minute"},"schema":{"@context":"https:\/\/schema.org","@graph":[{"@type":"WebPage","@id":"https:\/\/recallclinics.com\/servicios\/","url":"https:\/\/recallclinics.com\/servicios\/","name":"Services - Recall","isPartOf":{"@id":"https:\/\/recallclinics.com\/#website"},"primaryImageOfPage":{"@id":"https:\/\/recallclinics.com\/servicios\/#primaryimage"},"image":{"@id":"https:\/\/recallclinics.com\/servicios\/#primaryimage"},"thumbnailUrl":"https:\/\/recallclinics.com\/wp-content\/uploads\/2025\/07\/Servicios-de-Recall.png","datePublished":"2025-07-11T06:30:06+00:00","dateModified":"2026-03-26T16:41:34+00:00","breadcrumb":{"@id":"https:\/\/recallclinics.com\/servicios\/#breadcrumb"},"inLanguage":"fr-FR","potentialAction":[{"@type":"ReadAction","target":["https:\/\/recallclinics.com\/servicios\/"]}]},{"@type":"ImageObject","inLanguage":"fr-FR","@id":"https:\/\/recallclinics.com\/servicios\/#primaryimage","url":"https:\/\/recallclinics.com\/wp-content\/uploads\/2025\/07\/Servicios-de-Recall.png","contentUrl":"https:\/\/recallclinics.com\/wp-content\/uploads\/2025\/07\/Servicios-de-Recall.png","width":2158,"height":1150},{"@type":"BreadcrumbList","@id":"https:\/\/recallclinics.com\/servicios\/#breadcrumb","itemListElement":[{"@type":"ListItem","position":1,"name":"Portada","item":"https:\/\/recallclinics.com\/"},{"@type":"ListItem","position":2,"name":"Servicios"}]},{"@type":"WebSite","@id":"https:\/\/recallclinics.com\/#website","url":"https:\/\/recallclinics.com\/","name":"Recall","description":"Reduzca tareas administrativas y aumente la facturaci\u00f3n de su cl\u00ednica ","potentialAction":[{"@type":"SearchAction","target":{"@type":"EntryPoint","urlTemplate":"https:\/\/recallclinics.com\/?s={search_term_string}"},"query-input":{"@type":"PropertyValueSpecification","valueRequired":true,"valueName":"search_term_string"}}],"inLanguage":"fr-FR"}]}},"_links":{"self":[{"href":"https:\/\/recallclinics.com\/fr\/wp-json\/wp\/v2\/pages\/1057","targetHints":{"allow":["GET"]}}],"collection":[{"href":"https:\/\/recallclinics.com\/fr\/wp-json\/wp\/v2\/pages"}],"about":[{"href":"https:\/\/recallclinics.com\/fr\/wp-json\/wp\/v2\/types\/page"}],"author":[{"embeddable":true,"href":"https:\/\/recallclinics.com\/fr\/wp-json\/wp\/v2\/users\/1"}],"replies":[{"embeddable":true,"href":"https:\/\/recallclinics.com\/fr\/wp-json\/wp\/v2\/comments?post=1057"}],"version-history":[{"count":196,"href":"https:\/\/recallclinics.com\/fr\/wp-json\/wp\/v2\/pages\/1057\/revisions"}],"predecessor-version":[{"id":2338,"href":"https:\/\/recallclinics.com\/fr\/wp-json\/wp\/v2\/pages\/1057\/revisions\/2338"}],"wp:featuredmedia":[{"embeddable":true,"href":"https:\/\/recallclinics.com\/fr\/wp-json\/wp\/v2\/media\/1764"}],"wp:attachment":[{"href":"https:\/\/recallclinics.com\/fr\/wp-json\/wp\/v2\/media?parent=1057"}],"curies":[{"name":"wp","href":"https:\/\/api.w.org\/{rel}","templated":true}]}}