{"id":235,"date":"2018-04-13T09:26:24","date_gmt":"2018-04-13T09:26:24","guid":{"rendered":"http:\/\/bridge219.qodeinteractive.com\/?page_id=235"},"modified":"2026-01-08T15:09:51","modified_gmt":"2026-01-08T15:09:51","slug":"sobre-nosotros","status":"publish","type":"page","link":"https:\/\/recallclinics.com\/it\/sobre-nosotros\/","title":{"rendered":"Chi siamo"},"content":{"rendered":"<div class=\"wpb-content-wrapper\"><p>[vc_row css_animation=&#8221;&#8221; row_type=&#8221;row&#8221; use_row_as_full_screen_section=&#8221;no&#8221; type=&#8221;full_width&#8221; angled_section=&#8221;no&#8221; text_align=&#8221;left&#8221; background_image_as_pattern=&#8221;without_pattern&#8221;][vc_column][qode_elements_holder number_of_columns=&#8221;two_columns&#8221;][qode_elements_holder_item advanced_animations=&#8221;no&#8221; background_color=&#8221;#ffffff&#8221; item_padding=&#8221;160px 20%&#8221; item_padding_1280_1440=&#8221;115px 11% 105px 10%&#8221; item_padding_1024_1280=&#8221;110px 10% 105px 9%&#8221; item_padding_768_1024=&#8221;85px 10% 70px&#8221; item_padding_600_768=&#8221;110px 13% 100px&#8221; item_padding_480_600=&#8221;80px 10%&#8221; item_padding_480=&#8221;80px 10%&#8221;][vc_empty_space height=&#8221;10px&#8221;][vc_column_text css=&#8221;&#8221;]<\/p>\n<h1>La nostra storia<\/h1>\n<p>[\/vc_column_text][vc_empty_space height=&#8221;30px&#8221;][vc_column_text css=&#8221;&#8221; el_class=&#8221;.espacio { display: inline-block; width: 12px; }&#8221;]<\/p>\n<h5>Tutto \u00e8 iniziato quando Bosco (cofondatore di Recall) era in viaggio a Pamplona. Ha ricevuto un SMS che gli ricordava un appuntamento medico a Madrid, fissato sei mesi prima. Non se lo ricordava affatto. Ha chiamato subito per annullarlo e la clinica gli ha fissato un nuovo appuntamento senza problemi.<\/h5>\n<p>&nbsp;<\/p>\n<h5>Quando si \u00e8 presentato al nuovo appuntamento a Madrid, colpito dal promemoria via SMS, ha chiesto con curiosit\u00e0 alla receptionist: <em>\u00abCome gestite questi promemoria?\u00bb<\/em><\/h5>\n<p>&nbsp;<\/p>\n<h5>La risposta \u00e8 stata tanto sorprendente quanto rivelatrice. La receptionist ha tirato fuori un vecchio Nokia e ha detto: <em>\u00abLi inviamo uno per uno, a mano, ogni giorno. In media impieghiamo due ore.\u00bb<\/em><\/h5>\n<p>&nbsp;<\/p>\n<h5>Messaggi di 164 caratteri, senza link di conferma, senza automazione e con errori frequenti: messaggi incrociati, dati sbagliati, risposte difficili da gestire\u2026<\/h5>\n<p>&nbsp;<\/p>\n<h5>Bosco ha pensato che si trattasse di un caso isolato. Ma quando ha chiesto in altre cliniche, la risposta \u00e8 stata unanime: tutte lavoravano allo stesso modo.<\/h5>\n<p>&nbsp;<\/p>\n<h5>\u00c8 stato allora che ha parlato con il suo socio, amico e cofondatore di Recall, Eduardo, proveniente da una lunga tradizione familiare di medici e ricercatori, che gli ha confermato che anche loro continuavano a confermare gli appuntamenti con i pazienti in quel modo.<\/h5>\n<p>&nbsp;<\/p>\n<h5>Quello \u00e8 stato il punto di svolta. Entrambi hanno deciso di trasformare quel sistema rudimentale, inefficiente e soggetto a errori in una soluzione moderna, utile e incentrata sulle esigenze reali delle cliniche.<\/h5>\n<p>&nbsp;<\/p>\n<h5><strong>Cos\u00ec \u00e8 nato il primo prototipo di Recall: uno strumento per automatizzare i promemoria degli appuntamenti, semplificare la comunicazione con i pazienti e alleggerire il carico amministrativo del personale della clinica.<\/strong><\/h5>\n<p>&nbsp;<\/p>\n<h5>Dopo quasi 10 anni, Recall non ha mai smesso di evolversi. Ogni modulo e ogni funzionalit\u00e0 \u00e8 stato progettato in stretta collaborazione con le stesse cliniche e i loro direttori, ascoltando le loro esigenze, i loro problemi reali e le loro proposte.<\/h5>\n<p>&nbsp;<\/p>\n<h5><strong>Oggi il nostro obiettivo \u00e8 chiaro: aiutare le cliniche a diventare autonome nella gestione della quotidianit\u00e0 grazie al nostro agente di IA conversazionale.<\/strong><\/h5>\n<p>&nbsp;<\/p>\n<h5>Oggi Recall integra automazioni intelligenti, flussi di lavoro personalizzabili e tecnologia basata sull\u2019intelligenza artificiale. Negli ultimi anni abbiamo persino creato un agente di IA che conferma e riprogramma gli appuntamenti, gestisce emergenze e richieste 24\/7 e segue i pazienti per offrire un servizio migliore, con un impatto positivo sulla fatturazione della sua clinica.<\/h5>\n<p>[\/vc_column_text][vc_empty_space height=&#8221;37px&#8221;]<a  itemprop=\"url\" href=\"https:\/\/recallclinics.com\/sobre-nosotros#demo15\" target=\"_self\"  class=\"qbutton  large default\" style=\"color: #FFFFFF; background-color:#3BD3AD;\">Richiedi una demo<\/a>[\/qode_elements_holder_item][qode_elements_holder_item cover=&#8221;yes&#8221; advanced_animations=&#8221;no&#8221; background_image=&#8221;823&#8243; item_padding_600_768=&#8221;250px 0px&#8221; item_padding_480_600=&#8221;200px 0px&#8221; item_padding_480=&#8221;200px 0px&#8221;][\/qode_elements_holder_item][\/qode_elements_holder][\/vc_column][\/vc_row][vc_row row_type=&#8221;parallax&#8221; parallax_content_width=&#8221;in_grid&#8221; text_align=&#8221;left&#8221; full_screen_section_height=&#8221;no&#8221; anchor=&#8221;servicios&#8221;][vc_column][qode_elements_holder number_of_columns=&#8221;one_column&#8221;][qode_elements_holder_item horizontal_alignment=&#8221;center&#8221; advanced_animations=&#8221;no&#8221; item_padding=&#8221;127px 16% 70px&#8221; item_padding_768_1024=&#8221;127px 10% 70px&#8221; item_padding_600_768=&#8221;127px 4% 70px&#8221; item_padding_480_600=&#8221;127px 0% 70px&#8221; item_padding_480=&#8221;127px 0% 70px&#8221;][vc_column_text css=&#8221;&#8221;]<\/p>\n<h6>CHI SIAMO<\/h6>\n<p>[\/vc_column_text][vc_empty_space height=&#8221;16px&#8221;][vc_column_text css=&#8221;&#8221;]<\/p>\n<h2>Un team interdisciplinare<\/h2>\n<p>[\/vc_column_text][vc_empty_space height=&#8221;16px&#8221;][vc_column_text css=&#8221;&#8221;]<\/p>\n<h3>Dietro Recall c\u2019\u00e8 un team di esperti appassionati di tecnologia, sanit\u00e0 e comunicazione. Grazie al contributo delle loro diverse prospettive in ciascuna area, \u00e8 nato questo agente di IA conversazionale per cliniche e centri medici, pensato per delegare in modo affidabile le attivit\u00e0 amministrative.<\/h3>\n<p>[\/vc_column_text][vc_empty_space height=&#8221;50px&#8221;][\/qode_elements_holder_item][\/qode_elements_holder][vc_row_inner row_type=&#8221;row&#8221; type=&#8221;full_width&#8221; text_align=&#8221;left&#8221; css_animation=&#8221;&#8221;][vc_column_inner][vc_raw_html css=&#8221;&#8221;]JTVCdmNfcm93X2lubmVyJTIwcm93X3R5cGUlM0QlMjJyb3clMjIlMjB0eXBlJTNEJTIyZnVsbF93aWR0aCUyMiUyMHRleHRfYWxpZ24lM0QlMjJsZWZ0JTIyJTIwY3NzX2FuaW1hdGlvbiUzRCUyMiUyMiU1RCUwQSUyMCUyMCU1QnZjX2NvbHVtbl9pbm5lciUyMHdpZHRoJTNEJTIyMSUyRjIlMjIlNUQlMEElMjAlMjAlMjAlMjAlNUJpY29uX3RleHQlMjBib3hfdHlwZSUzRCUyMm5vcm1hbCUyMiUyMGljb25fdHlwZSUzRCUyMm5vcm1hbCUyMiUyMGljb25fcG9zaXRpb24lM0QlMjJ0b3AlMjIlMjBpY29uX3NpemUlM0QlMjJmYS1sZyUyMiUyMHVzZV9jdXN0b21faWNvbl9zaXplJTNEJTIybm8lMjIlMjB0aXRsZV90YWclM0QlMjJoMyUyMiUyMHNlcGFyYXRvciUzRCUyMm5vJTIyJTIwdGV4dCUzRCUyMkNvZnVuZGFkb3IlMjB5JTIwQ0VPJTIwZGUlMjBSZWNhbGwuJTIwRW1wcmVuZGVkb3IlMjB5JTIwcHJvZHVjdCUyMG1hbmFnZXIlMjBjb24lMjBtJUMzJUExcyUyMGRlJTIwMTAlMjBhJUMzJUIxb3MlMjBkZSUyMGV4cGVyaWVuY2lhJTIwZW4lMjBsYSUyMGNyZWFjaSVDMyVCM24lMjBkZSUyMHByb2R1Y3RvcyUyMHRlY25vbCVDMyVCM2dpY29zJTIwY29uJTIwbWlsbG9uZXMlMjBkZSUyMHVzdWFyaW9zJTJDJTIwcHVibGljYW5kbyUyMGVuJTIwbGElMjByZXZpc3RhJTIwTmF0dXJlLiUyMiUyMGxpbmslM0QlMjJodHRwcyUzQSUyRiUyRnd3dy5uYXR1cmUuY29tJTJGYXJ0aWNsZXMlMkZzNDE1OTgtMDIzLTQ0Njg2LTMuZXBkZiUzRnNoYXJpbmdfdG9rZW4lM0QuLi4lMjIlMjBsaW5rX3RleHQlM0QlMjJNJUMzJUExcyUyMGluZm9ybWFjaSVDMyVCM24lMjIlMjB0YXJnZXQlM0QlMjJfYmxhbmslMjIlMjB0aXRsZSUzRCUyMkJvc2NvJTIwWWJhcnJhJTIyJTIwaW1hZ2UlM0QlMjIxMTc1JTIyJTVEJTBBJTIwJTIwJTVCJTJGdmNfY29sdW1uX2lubmVyJTVEJTBBJTIwJTIwJTVCdmNfY29sdW1uX2lubmVyJTIwd2lkdGglM0QlMjIxJTJGMiUyMiU1RCUwQSUyMCUyMCUyMCUyMCU1Qmljb25fdGV4dCUyMGJveF90eXBlJTNEJTIybm9ybWFsJTIyJTIwaWNvbl90eXBlJTNEJTIybm9ybWFsJTIyJTIwaWNvbl9wb3NpdGlvbiUzRCUyMnRvcCUyMiUyMGljb25fc2l6ZSUzRCUyMmZhLWxnJTIyJTIwdXNlX2N1c3RvbV9pY29uX3NpemUlM0QlMjJubyUyMiUyMHRpdGxlX3RhZyUzRCUyMmgzJTIyJTIwc2VwYXJhdG9yJTNEJTIybm8lMjIlMjB0ZXh0JTNEJTIyRGVzYXJyb2xsYWRvciUyMGVzcGVjaWFsaXphZG8lMjBlbiUyMEludGVsaWdlbmNpYSUyMEFydGlmaWNpYWwlMjBkZSUyMFJlY2FsbC4lMjBDZW50cmFkbyUyMGVuJTIwbGElMjBjcmVhY2klQzMlQjNuJTIwZGUgbW9kZWxvcyUyMHByZWRpY3Rpdm9zJTIwYXBsaWNhZG9zJTIwYWwlMjBzZWN0b3IlMjBzYW5pdGFyaW8lMjBxdWUlMjBwZXJtaXRlbiUyMGElMjBsYXMlMjBjbCVDMyVBMW5pY2FzJTIwYW50aWNpcGFyJTIwaW5mb3JtYWNpJUMzJUIzbiUyMGNsYXZlLiUyMiUyMGxpbmslM0QlMjJodHRwcyUzQSUyRiUyRnd3dy5saW5rZWRpbi5jb20lMkZpbiUyRnBhYmxvZmVybGFnb3MlMkYlMjIlMjBsaW5rX3RleHQlM0QlMjJNJUMzJUExcyUyMGluZm9ybWFjaSVDMyVCM24lMjIlMjB0YXJnZXQlM0QlMjJfYmxhbmslMjIlMjB0aXRsZSUzRCUyMlBhYmxvJTIwRmVybiVDMyVBMW5kZXolMjBMYWdvcyUyMiUyMGltYWdlJTNEJTIyMTU0MyUyMiU1RCUwQSUyMCUyMCU1QiUyRnZjX2NvbHVtbl9pbm5lciU1RCUwQSUyMCUyMCU1QnZjX2NvbHVtbl9pbm5lciUyMHdpZHRoJTNEJTIyMSUyRjIlMjIlNUQlMEElMjAlMjAlMjAlMjAlNUJpY29uX3RleHQlMjBib3hfdHlwZSUzRCUyMm5vcm1hbCUyMiUyMGljb25fdHlwZSUzRCUyMm5vcm1hbCUyMiUyMGljb25fcG9zaXRpb24lM0QlMjJ0b3AlMjIlMjBpY29uX3NpemUlM0QlMjJmYS1sZyUyMiUyMHVzZV9jdXN0b21faWNvbl9zaXplJTNEJTIybm8lMjIlMjB0aXRsZV90YWclM0QlMjJoMyUyMiUyMHNlcGFyYXRvciUzRCUyMm5vJTIyJTIwdGV4dCUzRCUyMkRlc2Fycm9sbGFkb3IlMjBlc3BlY2lhbGl6YWRvciUyMGVuJTIwSW50ZWxpZ2VuY2lhJTIwQXJ0aWZpY2lhbCUyMGRlJTIwUmVjYWxsLiUyMENlbnRyYWRvJTIwZW4lMjBsYSUyMGNyZWFjaSVDMyVCM24lMjBkZSUyMG1vZGVsb3MlMjBwcmVkaWN0aXZvcyUyMGFwbGljYWRvcyUyMGFsJTIwc2VjdG9yJTIwc2FuaXRhcmlvJTIwcXVlJTIwcGVybWl0ZW4lMjBhJTIwbGFzJTIwY2wlQzMlQURuaWNhcyUyMGFudGljaXBhciUyMGluZm9ybWFjaSVDMyVCM24lMjBjbGF2ZS4lMjIlMjBsaW5rJTNEJTIyaHR0cHMlM0ElMkYlMkZ3d3cubGlua2VkaW4uY29tJTJGaW4lMkZjbGFyYS12YWxlcmEtODk2NDc0MTliJTJGJTIyJTIwbGlua190ZXh0JTNEJTIyTWFzJTIwaW5mb3JtYWNpJUMzJUIzbiUyMiUyMHRhcmdldCUzRCUyMl9ibGFuayUyMiUyMHRpdGxlJTNEJTIyQ2xhcmElMjBWYWxlcmElMjIlMjBpbWFnZSUzRCUyMjExNzYlMjIlNUQlMEElMjAlMjAlNUIlMkZ2Y19jb2x1bW5faW5uZXIlNUQlMEElNUIlMkZ2Y19yb3dfaW5uZXIlNUQ=[\/vc_raw_html][\/vc_column_inner][\/vc_row_inner][\/vc_column][\/vc_row][vc_row css_animation=&#8221;&#8221; row_type=&#8221;row&#8221; use_row_as_full_screen_section=&#8221;no&#8221; type=&#8221;grid&#8221; angled_section=&#8221;no&#8221; text_align=&#8221;center&#8221; background_image_as_pattern=&#8221;without_pattern&#8221; z_index=&#8221;&#8221; css=&#8221;.vc_custom_1523627992825{padding-top: 128px !important;padding-bottom: 98px !important;}&#8221;][vc_column][vc_column_text css=&#8221;&#8221;]<\/p>\n<h2>Cosa dicono di noi<\/h2>\n<p>[\/vc_column_text][vc_empty_space height=&#8221;20px&#8221;][qode_elements_holder number_of_columns=&#8221;one_column&#8221;][qode_elements_holder_item horizontal_alignment=&#8221;center&#8221; advanced_animations=&#8221;no&#8221; item_padding=&#8221;32px 6% 35px&#8221; item_padding_768_1024=&#8221;40px 10% 70px&#8221; item_padding_600_768=&#8221;40px 0% 70px&#8221; item_padding_480_600=&#8221;40px 0% 70px&#8221; item_padding_480=&#8221;40px 0% 70px&#8221;]<div class='testimonials_holder clearfix '><div class=\"testimonials testimonials_carousel\" data-show-navigation=\"no\" data-animation-type=\"fade\" data-animation-speed=\"\" data-auto-rotate-slides=\"3\" data-number-per-slide=\"1\"><ul class=\"slides\"><li id=\"testimonials182\" class=\"testimonial_content\"><div class=\"testimonial_content_inner\"><div class=\"testimonial_image_holder\"><img decoding=\"async\" itemprop=\"image\" src=\"https:\/\/recallclinics.com\/wp-content\/uploads\/2018\/04\/recallclinics-testimonio1.jpg\" \/><\/div><div class=\"testimonial_text_holder\"><div class=\"testimonial_text_inner\" style=\"\"><p >\"Gracias a RECALL hemos aumentado nuestras rese\u00f1as x5 en solo 1 mes. Sin necesidad de invertir en publicidad estamos ahora mismo primeros en las b\u00fasquedas org\u00e1nica en Google\".<\/p><p class=\"testimonial_author\" style=\"\">Jos\u00e9 Mar\u00eda Lasarte, Director M\u00e9dico en Dental Lasarte<\/p><\/div><\/div><\/div><\/li><li id=\"testimonials365\" class=\"testimonial_content\"><div class=\"testimonial_content_inner\"><div class=\"testimonial_image_holder\"><img decoding=\"async\" itemprop=\"image\" src=\"https:\/\/recallclinics.com\/wp-content\/uploads\/2018\/04\/recallclinics-testimonio2.jpg\" \/><\/div><div class=\"testimonial_text_holder\"><div class=\"testimonial_text_inner\" style=\"\"><p >\"Yo no podr\u00eda haber visto tantos pacientes tras la pandemia si no fuera por RECALL que se conecta a mi programa de gesti\u00f3n de mi cl\u00ednica. Mi equipo ha pasado de dedicar 2-3 horas al d\u00eda a avisar a pacientes a 1 clic\".<\/p><p class=\"testimonial_author\" style=\"\">Dr. Peri Colino, Director M\u00e9dico en Dental Colino y \u00c4ncora<\/p><\/div><\/div><\/div><\/li><li id=\"testimonials466\" class=\"testimonial_content\"><div class=\"testimonial_content_inner\"><div class=\"testimonial_image_holder\"><img decoding=\"async\" itemprop=\"image\" src=\"https:\/\/recallclinics.com\/wp-content\/uploads\/2025\/07\/recallclinics-testimonio3.jpg\" \/><\/div><div class=\"testimonial_text_holder\"><div class=\"testimonial_text_inner\" style=\"\"><p >\"Gracias a la aplicaci\u00f3n de recall hemos visto como nuestras agendas se llenaban con los env\u00edos de recalls anuales. En cuesti\u00f3n de 3 click enviamos los recalls y los tenemos completamente controlados\".<\/p><p class=\"testimonial_author\" style=\"\">Dr. Jos\u00e9 Ram\u00f3n Gonz\u00e1lez Baquero, Director M\u00e9dico en Gonz\u00e1lez Baquero<\/p><\/div><\/div><\/div><\/li><\/ul><\/div><\/div>[\/qode_elements_holder_item][\/qode_elements_holder][\/vc_column][\/vc_row][vc_row css_animation=&#8221;&#8221; row_type=&#8221;row&#8221; use_row_as_full_screen_section=&#8221;no&#8221; type=&#8221;grid&#8221; angled_section=&#8221;no&#8221; text_align=&#8221;center&#8221; background_image_as_pattern=&#8221;without_pattern&#8221; z_index=&#8221;&#8221; css=&#8221;.vc_custom_1752910380304{padding-top: 128px !important;padding-bottom: 118px !important;}&#8221; anchor=&#8221;demo15&#8243;][vc_column][vc_column_text css=&#8221;&#8221;]<\/p>\n<h2>Richiedi una demo di 15 minuti<\/h2>\n<p>[\/vc_column_text][qode_elements_holder number_of_columns=&#8221;one_column&#8221;][qode_elements_holder_item horizontal_alignment=&#8221;center&#8221; advanced_animations=&#8221;no&#8221; item_padding=&#8221;16px 16% 70px&#8221; item_padding_768_1024=&#8221;16px 10% 70px&#8221; item_padding_600_768=&#8221;16px 4% 70px&#8221; item_padding_480_600=&#8221;16px 0% 70px&#8221; item_padding_480=&#8221;16px 0% 70px&#8221;][vc_column_text css=&#8221;&#8221;]<\/p>\n<h3>Prenoti oggi stesso una sessione personalizzata e scopra come ottimizzare la gestione e aumentare la redditivit\u00e0 della sua clinica.<\/h3>\n<p>[\/vc_column_text][\/qode_elements_holder_item][\/qode_elements_holder][vc_raw_html css=&#8221;&#8221;]JTNDJTIxLS0lMjBDYWwlMjBpbmxpbmUlMjBlbWJlZCUyMGNvZGUlMjBiZWdpbnMlMjAtLSUzRSUwQSUzQ2RpdiUyMHN0eWxlJTNEJTIyd2lkdGglM0ExMDAlMjUlM0JoZWlnaHQlM0ExMDAlMjUlM0JvdmVyZmxvdyUzQXNjcm9sbCUyMiUyMGlkJTNEJTIybXktY2FsLWlubGluZS0xNW1pbiUyMiUzRSUzQyUyRmRpdiUzRSUwQSUzQ3NjcmlwdCUyMHR5cGUlM0QlMjJ0ZXh0JTJGamF2YXNjcmlwdCUyMiUzRSUwQSUyMCUyMCUyOGZ1bmN0aW9uJTIwJTI4QyUyQyUyMEElMkMlMjBMJTI5JTIwJTdCJTIwbGV0JTIwcCUyMCUzRCUyMGZ1bmN0aW9uJTIwJTI4YSUyQyUyMGFyJTI5JTIwJTdCJTIwYS5xLnB1c2glMjhhciUyOSUzQiUyMCU3RCUzQiUyMGxldCUyMGQlMjAlM0QlMjBDLmRvY3VtZW50JTNCJTIwQy5DYWwlMjAlM0QlMjBDLkNhbCUyMCU3QyU3QyUyMGZ1bmN0aW9uJTIwJTI4JTI5JTIwJTdCJTIwbGV0JTIwY2FsJTIwJTNEJTIwQy5DYWwlM0IlMjBsZXQlMjBhciUyMCUzRCUyMGFyZ3VtZW50cyUzQiUyMGlmJTIwJTI4JTIxY2FsLmxvYWRlZCUyOSUyMCU3QiUyMGNhbC5ucyUyMCUzRCUyMCU3QiU3RCUzQiUyMGNhbC5xJTIwJTNEJTIwY2FsLnElMjAlN0MlN0MlMjAlNUIlNUQlM0IlMjBkLmhlYWQuYXBwZW5kQ2hpbGQlMjhkLmNyZWF0ZUVsZW1lbnQlMjglMjJzY3JpcHQlMjIlMjklMjkuc3JjJTIwJTNEJTIwQSUzQiUyMGNhbC5sb2FkZWQlMjAlM0QlMjB0cnVlJTNCJTIwJTdEJTIwaWYlMjAlMjhhciU1QjAlNUQlMjAlM0QlM0QlM0QlMjBMJTI5JTIwJTdCJTIwY29uc3QlMjBhcGklMjAlM0QlMjBmdW5jdGlvbiUyMCUyOCUyOSUyMCU3QiUyMHAlMjhhcGklMkMlMjBhcmd1bWVudHMlMjklM0IlMjAlN0QlM0IlMjBjb25zdCUyMG5hbWVzcGFjZSUyMCUzRCUyMGFyJTVCMSU1RCUzQiUyMGFwaS5xJTIwJTNEJTIwYXBpLnElMjAlN0MlN0MlMjAlNUIlNUQlM0IlMjBpZiUyOHR5cGVvZiUyMG5hbWVzcGFjZSUyMCUzRCUzRCUzRCUyMCUyMnN0cmluZyUyMiUyOSU3QmNhbC5ucyU1Qm5hbWVzcGFjZSU1RCUyMCUzRCUyMGNhbC5ucyU1Qm5hbWVzcGFjZSU1RCUyMCU3QyU3QyUyMGFwaSUzQnAlMjhjYWwubnMlNUJuYW1lc3BhY2UlNUQlMkMlMjBhciUyOSUzQnAlMjhjYWwlMkMlMjAlNUIlMjJpbml0TmFtZXNwYWNlJTIyJTJDJTIwbmFtZXNwYWNlJTVEJTI5JTNCJTdEJTIwZWxzZSUyMHAlMjhjYWwlMkMlMjBhciUyOSUzQiUyMHJldHVybiUzQiU3RCUyMHAlMjhjYWwlMkMlMjBhciUyOSUzQiUyMCU3RCUzQiUyMCU3RCUyOSUyOHdpbmRvdyUyQyUyMCUyMmh0dHBzJTNBJTJGJTJGYXBwLmNhbC5jb20lMkZlbWJlZCUyRmVtYmVkLmpzJTIyJTJDJTIwJTIyaW5pdCUyMiUyOSUzQiUwQUNhbCUyOCUyMmluaXQlMjIlMkMlMjAlMjIxNW1pbiUyMiUyQyUyMCU3Qm9yaWdpbiUzQSUyMmh0dHBzJTNBJTJGJTJGYXBwLmNhbC5jb20lMjIlN0QlMjklM0IlMEElMEElMjAlMjBDYWwubnMlNUIlMjIxNW1pbiUyMiU1RCUyOCUyMmlubGluZSUyMiUyQyUyMCU3QiUwQSUyMCUyMCUyMCUyMGVsZW1lbnRPclNlbGVjdG9yJTNBJTIyJTIzbXktY2FsLWlubGluZS0xNW1pbiUyMiUyQyUwQSUyMCUyMCUyMCUyMGNvbmZpZyUzQSUyMCU3QiUyMmxheW91dCUyMiUzQSUyMm1vbnRoX3ZpZXclMjIlMkMlMjJ0aGVtZSUyMiUzQSUyMmxpZ2h0JTIyJTdEJTJDJTBBJTIwJTIwJTIwJTIwY2FsTGluayUzQSUyMCUyMnJlY2FsbCUyRjE1bWluJTIyJTJDJTBBJTIwJTIwJTdEJTI5JTNCJTBBJTBBJTIwJTIwQ2FsLm5zJTVCJTIyMTVtaW4lMjIlNUQlMjglMjJ1aSUyMiUyQyUyMCU3QiUyMnRoZW1lJTIyJTNBJTIybGlnaHQlMjIlMkMlMjJjc3NWYXJzUGVyVGhlbWUlMjIlM0ElN0IlMjJsaWdodCUyMiUzQSU3QiUyMmNhbC1icmFuZCUyMiUzQSUyMiUyMzM4Q0NBNSUyMiU3RCU3RCUyQyUyMmhpZGVFdmVudFR5cGVEZXRhaWxzJTIyJTNBZmFsc2UlMkMlMjJsYXlvdXQlMjIlM0ElMjJtb250aF92aWV3JTIyJTdEJTI5JTNCJTBBJTIwJTIwJTNDJTJGc2NyaXB0JTNFJTBBJTIwJTIwJTNDJTIxLS0lMjBDYWwlMjBpbmxpbmUlMjBlbWJlZCUyMGNvZGUlMjBlbmRzJTIwLS0lM0U=[\/vc_raw_html][\/vc_column][\/vc_row][vc_row css_animation=&#8221;&#8221; row_type=&#8221;row&#8221; use_row_as_full_screen_section=&#8221;no&#8221; type=&#8221;full_width&#8221; angled_section=&#8221;no&#8221; text_align=&#8221;left&#8221; background_image_as_pattern=&#8221;without_pattern&#8221;][vc_column][\/vc_column][\/vc_row]<\/p>\n<\/div>","protected":false},"excerpt":{"rendered":"<p>[vc_row css_animation=&#8221;&#8221; row_type=&#8221;row&#8221; use_row_as_full_screen_section=&#8221;no&#8221; type=&#8221;full_width&#8221; angled_section=&#8221;no&#8221; text_align=&#8221;left&#8221; background_image_as_pattern=&#8221;without_pattern&#8221;][vc_column][qode_elements_holder number_of_columns=&#8221;two_columns&#8221;][qode_elements_holder_item advanced_animations=&#8221;no&#8221; background_color=&#8221;#ffffff&#8221; item_padding=&#8221;160px 20%&#8221; item_padding_1280_1440=&#8221;115px 11% 105px 10%&#8221; item_padding_1024_1280=&#8221;110px 10% 105px 9%&#8221; item_padding_768_1024=&#8221;85px 10% 70px&#8221; item_padding_600_768=&#8221;110px 13% 100px&#8221; item_padding_480_600=&#8221;80px 10%&#8221; item_padding_480=&#8221;80px 10%&#8221;][vc_empty_space height=&#8221;10px&#8221;][vc_column_text css=&#8221;&#8221;] La nostra storia [\/vc_column_text][vc_empty_space height=&#8221;30px&#8221;][vc_column_text css=&#8221;&#8221; el_class=&#8221;.espacio { display: inline-block; width: 12px;&#8230;<\/p>\n","protected":false},"author":1,"featured_media":823,"parent":0,"menu_order":0,"comment_status":"closed","ping_status":"closed","template":"full_width.php","meta":{"content-type":"","footnotes":""},"class_list":["post-235","page","type-page","status-publish","has-post-thumbnail","hentry"],"translation":{"provider":"WPGlobus","version":"3.0.0","language":"it","enabled_languages":["es","en","de","fr","it","pt"],"languages":{"es":{"title":true,"content":true,"excerpt":false},"en":{"title":true,"content":true,"excerpt":false},"de":{"title":true,"content":true,"excerpt":false},"fr":{"title":true,"content":true,"excerpt":false},"it":{"title":true,"content":true,"excerpt":false},"pt":{"title":true,"content":true,"excerpt":false}}},"featured_image_src":"https:\/\/recallclinics.com\/wp-content\/uploads\/2025\/07\/portada-sinlogo-1.jpg","yoast_head":"<!-- This site is optimized with the Yoast SEO plugin v26.1 - https:\/\/yoast.com\/wordpress\/plugins\/seo\/ -->\n<title>Chi siamo - Recall<\/title>\n<meta name=\"robots\" content=\"index, follow, max-snippet:-1, max-image-preview:large, max-video-preview:-1\" \/>\n<link rel=\"canonical\" href=\"https:\/\/recallclinics.com\/sobre-nosotros\/\" \/>\n<meta property=\"og:locale\" content=\"it_IT\" \/>\n<meta property=\"og:type\" content=\"article\" \/>\n<meta property=\"og:title\" content=\"Chi siamo - Recall\" \/>\n<meta property=\"og:url\" content=\"https:\/\/recallclinics.com\/sobre-nosotros\/\" \/>\n<meta property=\"og:site_name\" content=\"Recall\" \/>\n<meta property=\"article:modified_time\" content=\"2026-01-08T15:09:51+00:00\" \/>\n<meta property=\"og:image\" content=\"https:\/\/recallclinics.com\/wp-content\/uploads\/2025\/07\/portada-sinlogo-1.jpg\" \/>\n\t<meta property=\"og:image:width\" content=\"2048\" \/>\n\t<meta property=\"og:image:height\" content=\"2048\" \/>\n\t<meta property=\"og:image:type\" content=\"image\/jpeg\" \/>\n<meta name=\"twitter:card\" content=\"summary_large_image\" \/>\n<meta name=\"twitter:label1\" content=\"Est. reading time\" \/>\n\t<meta name=\"twitter:data1\" content=\"1 minute\" \/>\n<script type=\"application\/ld+json\" class=\"yoast-schema-graph\">{\"@context\":\"https:\/\/schema.org\",\"@graph\":[{\"@type\":\"WebPage\",\"@id\":\"https:\/\/recallclinics.com\/sobre-nosotros\/\",\"url\":\"https:\/\/recallclinics.com\/sobre-nosotros\/\",\"name\":\"Chi siamo - Recall\",\"isPartOf\":{\"@id\":\"https:\/\/recallclinics.com\/#website\"},\"primaryImageOfPage\":{\"@id\":\"https:\/\/recallclinics.com\/sobre-nosotros\/#primaryimage\"},\"image\":{\"@id\":\"https:\/\/recallclinics.com\/sobre-nosotros\/#primaryimage\"},\"thumbnailUrl\":\"https:\/\/recallclinics.com\/wp-content\/uploads\/2025\/07\/portada-sinlogo-1.jpg\",\"datePublished\":\"2018-04-13T09:26:24+00:00\",\"dateModified\":\"2026-01-08T15:09:51+00:00\",\"breadcrumb\":{\"@id\":\"https:\/\/recallclinics.com\/sobre-nosotros\/#breadcrumb\"},\"inLanguage\":\"it-IT\",\"potentialAction\":[{\"@type\":\"ReadAction\",\"target\":[\"https:\/\/recallclinics.com\/sobre-nosotros\/\"]}]},{\"@type\":\"ImageObject\",\"inLanguage\":\"it-IT\",\"@id\":\"https:\/\/recallclinics.com\/sobre-nosotros\/#primaryimage\",\"url\":\"https:\/\/recallclinics.com\/wp-content\/uploads\/2025\/07\/portada-sinlogo-1.jpg\",\"contentUrl\":\"https:\/\/recallclinics.com\/wp-content\/uploads\/2025\/07\/portada-sinlogo-1.jpg\",\"width\":2048,\"height\":2048},{\"@type\":\"BreadcrumbList\",\"@id\":\"https:\/\/recallclinics.com\/sobre-nosotros\/#breadcrumb\",\"itemListElement\":[{\"@type\":\"ListItem\",\"position\":1,\"name\":\"Portada\",\"item\":\"https:\/\/recallclinics.com\/\"},{\"@type\":\"ListItem\",\"position\":2,\"name\":\"Sobre nosotros\"}]},{\"@type\":\"WebSite\",\"@id\":\"https:\/\/recallclinics.com\/#website\",\"url\":\"https:\/\/recallclinics.com\/\",\"name\":\"Recall\",\"description\":\"Reduzca tareas administrativas y aumente la facturaci\u00f3n de su cl\u00ednica \",\"potentialAction\":[{\"@type\":\"SearchAction\",\"target\":{\"@type\":\"EntryPoint\",\"urlTemplate\":\"https:\/\/recallclinics.com\/?s={search_term_string}\"},\"query-input\":{\"@type\":\"PropertyValueSpecification\",\"valueRequired\":true,\"valueName\":\"search_term_string\"}}],\"inLanguage\":\"it-IT\"}]}<\/script>\n<!-- \/ Yoast SEO plugin. -->","yoast_head_json":{"title":"Chi siamo - Recall","robots":{"index":"index","follow":"follow","max-snippet":"max-snippet:-1","max-image-preview":"max-image-preview:large","max-video-preview":"max-video-preview:-1"},"canonical":"https:\/\/recallclinics.com\/sobre-nosotros\/","og_locale":"it_IT","og_type":"article","og_title":"Chi siamo - Recall","og_url":"https:\/\/recallclinics.com\/sobre-nosotros\/","og_site_name":"Recall","article_modified_time":"2026-01-08T15:09:51+00:00","og_image":[{"width":2048,"height":2048,"url":"https:\/\/recallclinics.com\/wp-content\/uploads\/2025\/07\/portada-sinlogo-1.jpg","type":"image\/jpeg"}],"twitter_card":"summary_large_image","twitter_misc":{"Est. reading time":"1 minute"},"schema":{"@context":"https:\/\/schema.org","@graph":[{"@type":"WebPage","@id":"https:\/\/recallclinics.com\/sobre-nosotros\/","url":"https:\/\/recallclinics.com\/sobre-nosotros\/","name":"Chi siamo - Recall","isPartOf":{"@id":"https:\/\/recallclinics.com\/#website"},"primaryImageOfPage":{"@id":"https:\/\/recallclinics.com\/sobre-nosotros\/#primaryimage"},"image":{"@id":"https:\/\/recallclinics.com\/sobre-nosotros\/#primaryimage"},"thumbnailUrl":"https:\/\/recallclinics.com\/wp-content\/uploads\/2025\/07\/portada-sinlogo-1.jpg","datePublished":"2018-04-13T09:26:24+00:00","dateModified":"2026-01-08T15:09:51+00:00","breadcrumb":{"@id":"https:\/\/recallclinics.com\/sobre-nosotros\/#breadcrumb"},"inLanguage":"it-IT","potentialAction":[{"@type":"ReadAction","target":["https:\/\/recallclinics.com\/sobre-nosotros\/"]}]},{"@type":"ImageObject","inLanguage":"it-IT","@id":"https:\/\/recallclinics.com\/sobre-nosotros\/#primaryimage","url":"https:\/\/recallclinics.com\/wp-content\/uploads\/2025\/07\/portada-sinlogo-1.jpg","contentUrl":"https:\/\/recallclinics.com\/wp-content\/uploads\/2025\/07\/portada-sinlogo-1.jpg","width":2048,"height":2048},{"@type":"BreadcrumbList","@id":"https:\/\/recallclinics.com\/sobre-nosotros\/#breadcrumb","itemListElement":[{"@type":"ListItem","position":1,"name":"Portada","item":"https:\/\/recallclinics.com\/"},{"@type":"ListItem","position":2,"name":"Sobre nosotros"}]},{"@type":"WebSite","@id":"https:\/\/recallclinics.com\/#website","url":"https:\/\/recallclinics.com\/","name":"Recall","description":"Reduzca tareas administrativas y aumente la facturaci\u00f3n de su cl\u00ednica ","potentialAction":[{"@type":"SearchAction","target":{"@type":"EntryPoint","urlTemplate":"https:\/\/recallclinics.com\/?s={search_term_string}"},"query-input":{"@type":"PropertyValueSpecification","valueRequired":true,"valueName":"search_term_string"}}],"inLanguage":"it-IT"}]}},"_links":{"self":[{"href":"https:\/\/recallclinics.com\/it\/wp-json\/wp\/v2\/pages\/235","targetHints":{"allow":["GET"]}}],"collection":[{"href":"https:\/\/recallclinics.com\/it\/wp-json\/wp\/v2\/pages"}],"about":[{"href":"https:\/\/recallclinics.com\/it\/wp-json\/wp\/v2\/types\/page"}],"author":[{"embeddable":true,"href":"https:\/\/recallclinics.com\/it\/wp-json\/wp\/v2\/users\/1"}],"replies":[{"embeddable":true,"href":"https:\/\/recallclinics.com\/it\/wp-json\/wp\/v2\/comments?post=235"}],"version-history":[{"count":183,"href":"https:\/\/recallclinics.com\/it\/wp-json\/wp\/v2\/pages\/235\/revisions"}],"predecessor-version":[{"id":2065,"href":"https:\/\/recallclinics.com\/it\/wp-json\/wp\/v2\/pages\/235\/revisions\/2065"}],"wp:featuredmedia":[{"embeddable":true,"href":"https:\/\/recallclinics.com\/it\/wp-json\/wp\/v2\/media\/823"}],"wp:attachment":[{"href":"https:\/\/recallclinics.com\/it\/wp-json\/wp\/v2\/media?parent=235"}],"curies":[{"name":"wp","href":"https:\/\/api.w.org\/{rel}","templated":true}]}}