{"id":1023,"date":"2025-07-10T17:17:26","date_gmt":"2025-07-10T17:17:26","guid":{"rendered":"https:\/\/recallclinics.com\/?page_id=1023"},"modified":"2026-01-08T14:53:42","modified_gmt":"2026-01-08T14:53:42","slug":"aviso-legal","status":"publish","type":"page","link":"https:\/\/recallclinics.com\/pt\/aviso-legal\/","title":{"rendered":"Aviso Legal"},"content":{"rendered":"<div class=\"wpb-content-wrapper\"><p>[vc_row css_animation=&#8221;&#8221; row_type=&#8221;row&#8221; use_row_as_full_screen_section=&#8221;no&#8221; type=&#8221;full_width&#8221; angled_section=&#8221;no&#8221; text_align=&#8221;left&#8221; background_image_as_pattern=&#8221;without_pattern&#8221; css=&#8221;.vc_custom_1752166296311{background-color: #FFFFFF !important;}&#8221; z_index=&#8221;&#8221; side_padding=&#8221;0px 0px 170px 0px&#8221;][vc_column][vc_empty_space height=&#8221;70px&#8221;][vc_column_text css=&#8221;&#8221;]<\/p>\n<h1>Aviso legal e condi\u00e7\u00f5es gerais de uso<\/h1>\n<p>[\/vc_column_text][vc_empty_space height=&#8221;25px&#8221;][vc_column_text css=&#8221;&#8221;]<\/p>\n<h3 style=\"margin-top: 30px;\"><strong>1. Objeto<\/strong><\/h3>\n<p>As presentes Condi\u00e7\u00f5es regulam o acesso, a navega\u00e7\u00e3o e o uso do site <a href=\"https:\/\/recallclinics.com\/\"><strong>https:\/\/recallclinics.com<\/strong><\/a> (doravante, o \u00abSite\u00bb), bem como as responsabilidades decorrentes da utiliza\u00e7\u00e3o dos seus conte\u00fados (doravante, os \u00abConte\u00fados\u00bb, que incluem, entre outros, textos, gr\u00e1ficos, ilustra\u00e7\u00f5es, c\u00f3digos, software e qualquer cria\u00e7\u00e3o protegida pela normativa nacional e internacional sobre propriedade intelectual e industrial).<\/p>\n<h3 style=\"margin-top: 30px;\"><strong>2. Dados identificativos do prestador de servi\u00e7os (LSSICE \u00a710)<\/strong><\/h3>\n<table width=\"624\">\n<tbody>\n<tr>\n<td width=\"227\"><strong>Dado<\/strong><\/td>\n<td width=\"397\"><strong>Informa\u00e7\u00e3o<\/strong><\/td>\n<\/tr>\n<tr>\n<td width=\"227\">Denomina\u00e7\u00e3o social<\/td>\n<td width=\"397\"><strong>IMAGINE APPS, S.L.<\/strong><\/td>\n<\/tr>\n<tr>\n<td width=\"227\">NIF<\/td>\n<td width=\"397\"><strong>B-88114681<\/strong><\/td>\n<\/tr>\n<tr>\n<td width=\"227\">Sede social<\/td>\n<td width=\"397\">Paseo de la Direcci\u00f3n 161, 11.\u00ba \u2013 1107, 28039 Madrid (Espanha)<\/td>\n<\/tr>\n<tr>\n<td width=\"227\">Endere\u00e7o operacional<\/td>\n<td width=\"397\">C\/ Playa de las Antillas 3, Viv. 7, 28669 Boadilla del Monte, Madrid (Espanha)<\/td>\n<\/tr>\n<tr>\n<td width=\"227\">Registro Comercial<\/td>\n<td width=\"397\">Madrid, Tomo 38 007, Folio 1, Se\u00e7\u00e3o 8, Folha M-677782, Inscri\u00e7\u00e3o 1\u00aa<\/td>\n<\/tr>\n<tr>\n<td width=\"227\">E-mail de contacto<\/td>\n<td width=\"397\"><strong>info@recallclinics.com<\/strong><\/td>\n<\/tr>\n<tr>\n<td width=\"227\">Dom\u00ednio titular<\/td>\n<td width=\"397\">recallclinics.com<\/td>\n<\/tr>\n<tr>\n<td width=\"227\">Respons\u00e1vel editorial<\/td>\n<td width=\"397\">Imagine Apps S.L.<\/td>\n<\/tr>\n<tr>\n<td width=\"227\">Encarregado de Prote\u00e7\u00e3o de Dados (DPO)<\/td>\n<td width=\"397\">Ponto de contacto em privacidade: <strong>privacy@recallclinics.com<\/strong><\/td>\n<\/tr>\n<tr>\n<td width=\"227\">Telefone<\/td>\n<td width=\"397\">34 744 474 868<\/td>\n<\/tr>\n<\/tbody>\n<\/table>\n<h3 style=\"margin-top: 30px;\"><strong>3. Utilizadores<\/strong><\/h3>\n<p>O acesso e\/ou uso do Site atribui a condi\u00e7\u00e3o de utilizador (\u00abUtilizador\u00bb) e implica a aceita\u00e7\u00e3o sem reservas do presente Aviso Legal a partir desse acesso e\/ou uso.<\/p>\n<h3 style=\"margin-top: 30px;\"><strong>4. Uso do Site<\/strong><\/h3>\n<p>O Utilizador compromete-se a utilizar o Site em conformidade com a lei, as presentes Condi\u00e7\u00f5es, os bons costumes e a ordem p\u00fablica. Em particular, abster-se-\u00e1 de (i) utilizar os Conte\u00fados para fins ou efeitos il\u00edcitos, (ii) causar danos aos sistemas f\u00edsicos e l\u00f3gicos do titular ou de terceiros, (iii) introduzir ou difundir v\u00edrus ou malware, e (iv) empregar t\u00e9cnicas de scraping, minera\u00e7\u00e3o de dados ou sistemas autom\u00e1ticos de captura de informa\u00e7\u00e3o sem autoriza\u00e7\u00e3o expressa.<\/p>\n<h3 style=\"margin-top: 30px;\"><strong>5. Propriedade intelectual e industrial<\/strong><\/h3>\n<p>Os direitos de propriedade intelectual e industrial sobre o Site e os Conte\u00fados s\u00e3o de titularidade exclusiva da Imagine Apps S.L. ou de terceiros licenciadores, estando todos os direitos reservados. Fica expressamente proibida a reprodu\u00e7\u00e3o, distribui\u00e7\u00e3o, comunica\u00e7\u00e3o p\u00fablica (incluindo a disponibiliza\u00e7\u00e3o), transforma\u00e7\u00e3o ou qualquer outra forma de explora\u00e7\u00e3o sem autoriza\u00e7\u00e3o pr\u00e9via e por escrito.<\/p>\n<h3 style=\"margin-top: 30px;\"><strong>6. Exclus\u00e3o de garantias e responsabilidade<\/strong><\/h3>\n<p>O titular n\u00e3o garante a disponibilidade, continuidade nem a infalibilidade do Site e, consequentemente, exclui qualquer responsabilidade por danos e preju\u00edzos de qualquer natureza que possam dever-se \u00e0 falta de disponibilidade ou de continuidade do funcionamento do Site e dos Conte\u00fados.<\/p>\n<h3 style=\"margin-top: 30px;\"><strong>7. Liga\u00e7\u00f5es externas<\/strong><\/h3>\n<p>O Site pode incluir liga\u00e7\u00f5es para sites de terceiros. A Imagine Apps S.L. atua como prestadora de servi\u00e7os de intermedia\u00e7\u00e3o (art. 17 LSSICE) e n\u00e3o \u00e9 respons\u00e1vel pelos conte\u00fados alojados nesses sites ligados.<\/p>\n<h3 style=\"margin-top: 30px;\"><strong>8. Direito de exclus\u00e3o<\/strong><\/h3>\n<p>A Imagine Apps S.L. reserva-se o direito de negar ou retirar o acesso ao Site, sem necessidade de aviso pr\u00e9vio, por iniciativa pr\u00f3pria ou de terceiros, aos Utilizadores que incumpram as presentes Condi\u00e7\u00f5es.<\/p>\n<h3 style=\"margin-top: 30px;\"><strong>9. Modifica\u00e7\u00e3o do Aviso Legal<\/strong><\/h3>\n<p>A Imagine Apps S.L. poder\u00e1 modificar a qualquer momento as Condi\u00e7\u00f5es aqui estabelecidas, publicando devidamente as novas Condi\u00e7\u00f5es. A vig\u00eancia temporal destas Condi\u00e7\u00f5es coincide, portanto, com o per\u00edodo em que estiverem publicadas.<\/p>\n<h3 style=\"margin-top: 30px;\"><strong>10. Legisla\u00e7\u00e3o aplic\u00e1vel e jurisdi\u00e7\u00e3o<\/strong><\/h3>\n<p>O presente Aviso Legal rege-se pela legisla\u00e7\u00e3o espanhola e europeia (RGPD 2016\/679, Lei Org\u00e2nica 3\/2018 LOPDGDD, Lei 34\/2002 LSSICE, Regulamento (UE) 2022\/2065 Digital Services Act, e normativa aplic\u00e1vel). Para a resolu\u00e7\u00e3o de qualquer conflito, as partes submetem-se aos Ju\u00edzos e Tribunais da cidade de Madrid, renunciando a qualquer outro foro que lhes possa corresponder.[\/vc_column_text][vc_empty_space height=&#8221;50px&#8221;][\/vc_column][\/vc_row]<\/p>\n<\/div>","protected":false},"excerpt":{"rendered":"<p>[vc_row css_animation=&#8221;&#8221; row_type=&#8221;row&#8221; use_row_as_full_screen_section=&#8221;no&#8221; type=&#8221;full_width&#8221; angled_section=&#8221;no&#8221; text_align=&#8221;left&#8221; background_image_as_pattern=&#8221;without_pattern&#8221; css=&#8221;.vc_custom_1752166296311{background-color: #FFFFFF !important;}&#8221; z_index=&#8221;&#8221; side_padding=&#8221;0px 0px 170px 0px&#8221;][vc_column][vc_empty_space height=&#8221;70px&#8221;][vc_column_text css=&#8221;&#8221;] Aviso legal e condi\u00e7\u00f5es gerais de uso [\/vc_column_text][vc_empty_space height=&#8221;25px&#8221;][vc_column_text css=&#8221;&#8221;] 1. Objeto As presentes Condi\u00e7\u00f5es regulam o acesso, a navega\u00e7\u00e3o e o uso do site https:\/\/recallclinics.com (doravante,&#8230;<\/p>\n","protected":false},"author":1,"featured_media":0,"parent":0,"menu_order":0,"comment_status":"closed","ping_status":"closed","template":"","meta":{"content-type":"","footnotes":""},"class_list":["post-1023","page","type-page","status-publish","hentry"],"translation":{"provider":"WPGlobus","version":"3.0.0","language":"pt","enabled_languages":["es","en","de","fr","it","pt"],"languages":{"es":{"title":true,"content":true,"excerpt":false},"en":{"title":true,"content":true,"excerpt":false},"de":{"title":true,"content":true,"excerpt":false},"fr":{"title":true,"content":true,"excerpt":false},"it":{"title":true,"content":true,"excerpt":false},"pt":{"title":true,"content":true,"excerpt":false}}},"featured_image_src":null,"yoast_head":"<!-- This site is optimized with the Yoast SEO plugin v26.1 - https:\/\/yoast.com\/wordpress\/plugins\/seo\/ -->\n<title>Aviso Legal - Recall<\/title>\n<meta name=\"robots\" content=\"index, follow, max-snippet:-1, max-image-preview:large, max-video-preview:-1\" \/>\n<link rel=\"canonical\" href=\"https:\/\/recallclinics.com\/aviso-legal\/\" \/>\n<meta property=\"og:locale\" content=\"pt_PT\" \/>\n<meta property=\"og:type\" content=\"article\" \/>\n<meta property=\"og:title\" content=\"Aviso Legal - Recall\" \/>\n<meta property=\"og:url\" content=\"https:\/\/recallclinics.com\/aviso-legal\/\" \/>\n<meta property=\"og:site_name\" content=\"Recall\" \/>\n<meta property=\"article:modified_time\" content=\"2026-01-08T14:53:42+00:00\" \/>\n<meta name=\"twitter:card\" content=\"summary_large_image\" \/>\n<script type=\"application\/ld+json\" class=\"yoast-schema-graph\">{\"@context\":\"https:\/\/schema.org\",\"@graph\":[{\"@type\":\"WebPage\",\"@id\":\"https:\/\/recallclinics.com\/aviso-legal\/\",\"url\":\"https:\/\/recallclinics.com\/aviso-legal\/\",\"name\":\"Aviso Legal - Recall\",\"isPartOf\":{\"@id\":\"https:\/\/recallclinics.com\/#website\"},\"datePublished\":\"2025-07-10T17:17:26+00:00\",\"dateModified\":\"2026-01-08T14:53:42+00:00\",\"breadcrumb\":{\"@id\":\"https:\/\/recallclinics.com\/aviso-legal\/#breadcrumb\"},\"inLanguage\":\"pt-PT\",\"potentialAction\":[{\"@type\":\"ReadAction\",\"target\":[\"https:\/\/recallclinics.com\/aviso-legal\/\"]}]},{\"@type\":\"BreadcrumbList\",\"@id\":\"https:\/\/recallclinics.com\/aviso-legal\/#breadcrumb\",\"itemListElement\":[{\"@type\":\"ListItem\",\"position\":1,\"name\":\"Portada\",\"item\":\"https:\/\/recallclinics.com\/\"},{\"@type\":\"ListItem\",\"position\":2,\"name\":\"Aviso legal\"}]},{\"@type\":\"WebSite\",\"@id\":\"https:\/\/recallclinics.com\/#website\",\"url\":\"https:\/\/recallclinics.com\/\",\"name\":\"Recall\",\"description\":\"Reduzca tareas administrativas y aumente la facturaci\u00f3n de su cl\u00ednica \",\"potentialAction\":[{\"@type\":\"SearchAction\",\"target\":{\"@type\":\"EntryPoint\",\"urlTemplate\":\"https:\/\/recallclinics.com\/?s={search_term_string}\"},\"query-input\":{\"@type\":\"PropertyValueSpecification\",\"valueRequired\":true,\"valueName\":\"search_term_string\"}}],\"inLanguage\":\"pt-PT\"}]}<\/script>\n<!-- \/ Yoast SEO plugin. -->","yoast_head_json":{"title":"Aviso Legal - Recall","robots":{"index":"index","follow":"follow","max-snippet":"max-snippet:-1","max-image-preview":"max-image-preview:large","max-video-preview":"max-video-preview:-1"},"canonical":"https:\/\/recallclinics.com\/aviso-legal\/","og_locale":"pt_PT","og_type":"article","og_title":"Aviso Legal - Recall","og_url":"https:\/\/recallclinics.com\/aviso-legal\/","og_site_name":"Recall","article_modified_time":"2026-01-08T14:53:42+00:00","twitter_card":"summary_large_image","schema":{"@context":"https:\/\/schema.org","@graph":[{"@type":"WebPage","@id":"https:\/\/recallclinics.com\/aviso-legal\/","url":"https:\/\/recallclinics.com\/aviso-legal\/","name":"Aviso Legal - Recall","isPartOf":{"@id":"https:\/\/recallclinics.com\/#website"},"datePublished":"2025-07-10T17:17:26+00:00","dateModified":"2026-01-08T14:53:42+00:00","breadcrumb":{"@id":"https:\/\/recallclinics.com\/aviso-legal\/#breadcrumb"},"inLanguage":"pt-PT","potentialAction":[{"@type":"ReadAction","target":["https:\/\/recallclinics.com\/aviso-legal\/"]}]},{"@type":"BreadcrumbList","@id":"https:\/\/recallclinics.com\/aviso-legal\/#breadcrumb","itemListElement":[{"@type":"ListItem","position":1,"name":"Portada","item":"https:\/\/recallclinics.com\/"},{"@type":"ListItem","position":2,"name":"Aviso legal"}]},{"@type":"WebSite","@id":"https:\/\/recallclinics.com\/#website","url":"https:\/\/recallclinics.com\/","name":"Recall","description":"Reduzca tareas administrativas y aumente la facturaci\u00f3n de su cl\u00ednica ","potentialAction":[{"@type":"SearchAction","target":{"@type":"EntryPoint","urlTemplate":"https:\/\/recallclinics.com\/?s={search_term_string}"},"query-input":{"@type":"PropertyValueSpecification","valueRequired":true,"valueName":"search_term_string"}}],"inLanguage":"pt-PT"}]}},"_links":{"self":[{"href":"https:\/\/recallclinics.com\/pt\/wp-json\/wp\/v2\/pages\/1023","targetHints":{"allow":["GET"]}}],"collection":[{"href":"https:\/\/recallclinics.com\/pt\/wp-json\/wp\/v2\/pages"}],"about":[{"href":"https:\/\/recallclinics.com\/pt\/wp-json\/wp\/v2\/types\/page"}],"author":[{"embeddable":true,"href":"https:\/\/recallclinics.com\/pt\/wp-json\/wp\/v2\/users\/1"}],"replies":[{"embeddable":true,"href":"https:\/\/recallclinics.com\/pt\/wp-json\/wp\/v2\/comments?post=1023"}],"version-history":[{"count":13,"href":"https:\/\/recallclinics.com\/pt\/wp-json\/wp\/v2\/pages\/1023\/revisions"}],"predecessor-version":[{"id":2060,"href":"https:\/\/recallclinics.com\/pt\/wp-json\/wp\/v2\/pages\/1023\/revisions\/2060"}],"wp:attachment":[{"href":"https:\/\/recallclinics.com\/pt\/wp-json\/wp\/v2\/media?parent=1023"}],"curies":[{"name":"wp","href":"https:\/\/api.w.org\/{rel}","templated":true}]}}