{"id":1057,"date":"2025-07-11T06:30:06","date_gmt":"2025-07-11T06:30:06","guid":{"rendered":"https:\/\/recallclinics.com\/?page_id=1057"},"modified":"2026-03-26T16:41:34","modified_gmt":"2026-03-26T16:41:34","slug":"servicios","status":"publish","type":"page","link":"https:\/\/recallclinics.com\/pt\/servicios\/","title":{"rendered":"Servi\u00e7os"},"content":{"rendered":"\r\n<div class=\"wp-block-spacer\" style=\"height: 48px;\" aria-hidden=\"true\"> <\/div>\r\n\r\n\r\n\r\n<p>[vc_column_text]<\/p>\r\n<h6 style=\"text-align: center;\">SERVI\u00c7OS<\/h6>\r\n<p>[\/vc_column_text] [vc_empty_space height=&#8221;16px&#8221;] [vc_column_text]<\/p>\r\n<h1 style=\"text-align: center;\">Solu\u00e7\u00f5es inteligentes que eliminam a carga administrativa e aumentam o faturamento<\/h1>\r\n<p>[\/vc_column_text] [vc_empty_space height=&#8221;23px&#8221;] [vc_column_text]<\/p>\r\n<h3 style=\"text-align: center;\">O nosso agente de IA conversacional realiza tarefas administrativas que ajudam a aliviar a rece\u00e7\u00e3o para atender melhor os seus pacientes. Estes s\u00e3o os servi\u00e7os que a Recall pode oferecer na sua cl\u00ednica ou centro m\u00e9dico.<\/h3>\r\n<p>[\/vc_column_text] [vc_empty_space height=&#8221;50px&#8221;]<\/p>\r\n\r\n\r\n\r\n<div class=\"wp-block-spacer\" style=\"height: 40px;\" aria-hidden=\"true\"> <\/div>\r\n\r\n\r\n\n<div class=\"wp-block-group\"><div class=\"wp-block-group__inner-container is-layout-constrained wp-block-group-is-layout-constrained\">\n<div class=\"wp-block-gutena-tabs gutena-tabs-block gutena-tabs-block-68af09-c1\"><ul class=\"gutena-tabs-tab tab-center\"><li class=\"gutena-tab-title active\" data-tab=\"1\"><div class=\"gutena-tab-title-content icon-top\"><div class=\"gutena-tab-title-text\"><div>Consultas<\/div><\/div><\/div><\/li><li class=\"gutena-tab-title inactive\" data-tab=\"2\"><div class=\"gutena-tab-title-content icon-top\"><div class=\"gutena-tab-title-text\"><div>Reativa\u00e7\u00e3o de pacientes<\/div><\/div><\/div><\/li><li class=\"gutena-tab-title inactive\" data-tab=\"3\"><div class=\"gutena-tab-title-content icon-top\"><div class=\"gutena-tab-title-text\"><div>Avalia\u00e7\u00f5es Google<\/div><\/div><\/div><\/li><li class=\"gutena-tab-title inactive\" data-tab=\"4\"><div class=\"gutena-tab-title-content icon-top\"><div class=\"gutena-tab-title-text\"><div>Chamadas IA <\/div><\/div><\/div><\/li><li class=\"gutena-tab-title inactive\" data-tab=\"5\"><div class=\"gutena-tab-title-content icon-top\"><div class=\"gutena-tab-title-text\"><div>Marketing automatizado<\/div><\/div><\/div><\/li><\/ul><div class=\"gutena-tabs-content is-layout-flow wp-block-tabs-is-layout-flow\">\n<div class=\"wp-block-gutena-tab gutena-tab-block gutena-tab-block-57cec1-e2 active\" data-tab=\"1\">\n\n\n\n        <div class=\"wp-block-gutena-tab gutena-tab-block active\" data-tab=\"1\">\n            <div style=\"display: flex; flex-wrap: wrap; align-items: center; gap: 40px; padding: 20px 0;\">\n                \n                <div style=\"flex: 1; min-width: 300px;\">\n                    <h3 class=\"wp-block-heading\"><strong>Confirma\u00e7\u00e3o, lembrete e reagendamento de consultas com WhatsApp<\/strong><\/h3>\n                    <p>Com as consultas e lembretes autom\u00e1ticos por WhatsApp, com o Recall voc\u00ea poder\u00e1 confirmar 80% da presen\u00e7a dos seus pacientes com um \u00fanico <em>clique<\/em>. Dessa forma, reduzir\u00e1 tarefas administrativas e garantir\u00e1 o aumento da receita do seu neg\u00f3cio.<\/p>\n                    <h5 class=\"wp-block-heading\" style=\"margin-top:20px;\">Vantagens do WhatsApp vs. SMS<\/h5>\n                    <ul style=\"padding-left: 20px;\">\n                        <li><strong>Mensagens personalizadas<\/strong> com fotos, v\u00eddeos e PDFs.<\/li>\n                        <li>Possibilidade de adicionar <strong>bot\u00f5es de a\u00e7\u00e3o<\/strong>.<\/li>\n                        <li>Confirma\u00e7\u00e3o em <strong>1 clique<\/strong>.<\/li>\n                        <li><strong>F\u00e1cil acesso para o paciente<\/strong> (com bot\u00e3o de como chegar).<\/li>\n                        <li>Remetente confi\u00e1vel com o nome da cl\u00ednica.<\/li>\n                    <\/ul>\n                <\/div>\n\n                <div style=\"flex: 1; min-width: 300px;\">\n                    <figure class=\"wp-block-video\" style=\"margin:0;\">\n                        <video autoplay controls loop muted preload=\"auto\" src=\"https:\/\/recallclinics.com\/wp-content\/uploads\/2025\/07\/Confirmation-with-Rescheduling.mp4\" playsinline style=\"width: 100%; height: auto; border-radius: 8px;\"><\/video>\n                    <\/figure>\n                <\/div>\n            <\/div>\n        <\/div>\n\n       \n<\/div>\n\n\n\n<div class=\"wp-block-gutena-tab gutena-tab-block gutena-tab-block-2d2a0c-b8 inactive\" data-tab=\"2\">\n\n        <div class=\"wp-block-gutena-tab gutena-tab-block inactive\" data-tab=\"3\">\n            <div style=\"display: flex; flex-wrap: wrap; align-items: center; gap: 40px; padding: 20px 0;\">\n                \n                <div style=\"flex: 1; min-width: 300px;\">\n                    <h3 class=\"wp-block-heading\"><strong>Contato autom\u00e1tico com pacientes inativos<\/strong><\/h3>\n                    <ul style=\"padding-left: 20px; margin-top: 20px;\">\n                        <li><strong>Aumenta a fatura\u00e7\u00e3o<\/strong> sem necessidade de captar novos pacientes.<\/li>\n                        <li><strong>Melhor aproveitamento<\/strong> da base de dados.<\/li>\n                        <li><strong>Fideliza\u00e7\u00e3o do paciente<\/strong> atrav\u00e9s de lembretes.<\/li>\n                        <li><strong>Preven\u00e7\u00e3o e cuidado proativo<\/strong> da sa\u00fade.<\/li>\n                    <\/ul>\n                <\/div>\n\n                <div style=\"flex: 1; min-width: 300px;\">\n                    <figure class=\"wp-block-image size-large\" style=\"margin:0;\">\n                        <img decoding=\"async\" src=\"https:\/\/recallclinics.com\/wp-content\/uploads\/2025\/07\/reactivacion-1024x697.png\" alt=\"Contacto autom\u00e1tico\" style=\"width: 100%; height: auto; border-radius: 8px;\"\/>\n                    <\/figure>\n                <\/div>\n            <\/div>\n        <\/div>\n\n     \n<\/div>\n\n\n\n<div class=\"wp-block-gutena-tab gutena-tab-block gutena-tab-block-542db3-eb inactive\" data-tab=\"3\">\n   <div class=\"wp-block-gutena-tab gutena-tab-block inactive\" data-tab=\"4\">\n            <div style=\"display: flex; flex-wrap: wrap; align-items: center; gap: 40px; padding: 20px 0;\">\n                \n                <div style=\"flex: 1; min-width: 300px;\">\n                    <h3 class=\"wp-block-heading\"><strong>Aumente as avalia\u00e7\u00f5es no Google para conseguir 5 estrelas<\/strong><\/h3>\n                    <ul style=\"padding-left: 20px; margin-top: 20px;\">\n                        <li>Melhora a <strong>reputa\u00e7\u00e3o da cl\u00ednica<\/strong>.<\/li>\n                        <li>Aumenta as visitas de <strong>potenciais pacientes<\/strong>.<\/li>\n                        <li>Refor\u00e7a a <strong>presen\u00e7a digital<\/strong>.<\/li>\n                        <li>Avalia\u00e7\u00e3o em <strong>3 cliques<\/strong>.<\/li>\n                    <\/ul>\n                <\/div>\n\n                <div style=\"flex: 1; min-width: 300px;\">\n                    <figure class=\"wp-block-image size-large\" style=\"margin:0;\">\n                        <img decoding=\"async\" src=\"https:\/\/recallclinics.com\/wp-content\/uploads\/2025\/07\/google-1-1024x697.png\" alt=\"Google Reviews\" style=\"width: 100%; height: auto; border-radius: 8px;\"\/>\n                    <\/figure>\n                <\/div>\n            <\/div>\n        <\/div>\n\n   \n<\/div>\n\n\n\n<div class=\"wp-block-gutena-tab gutena-tab-block gutena-tab-block-95ee8c-62 inactive\" data-tab=\"4\">\n     <div class=\"wp-block-gutena-tab gutena-tab-block inactive\" data-tab=\"5\">\n            <div style=\"display: flex; flex-wrap: wrap; align-items: center; gap: 40px; padding: 20px 0;\">\n                \n                <div style=\"flex: 1; min-width: 300px;\">\n                    <h3 class=\"wp-block-heading\"><strong>Disponibilidade 24\/7 para atender qualquer necessidade dos seus pacientes<\/strong><\/h3>\n                    <ul style=\"padding-left: 20px; margin-top: 20px;\">\n                        <li><strong>Atende, responde e agenda<\/strong> sem interven\u00e7\u00e3o humana.<\/li>\n                        <li>Capacidade para <strong>1.000 chamadas simult\u00e2neas<\/strong>.<\/li>\n                        <li><strong>Melhora a agilidade<\/strong> e a aten\u00e7\u00e3o ao paciente.<\/li>\n                        <li><strong>Otimiza a rentabilidade<\/strong> 24 horas por dia.<\/li>\n                    <\/ul>\n                <\/div>\n\n                <div style=\"flex: 1; min-width: 300px;\">\n                    <figure class=\"wp-block-image size-large\" style=\"margin:0;\">\n                        <img decoding=\"async\" src=\"https:\/\/recallclinics.com\/wp-content\/uploads\/2025\/07\/Llamadas-con-IA-1024x697.png\" alt=\"IA Llamadas\" style=\"width: 100%; height: auto; border-radius: 8px;\"\/>\n                    <\/figure>\n                <\/div>\n            <\/div>\n        <\/div>\n\n   \n<\/div>\n\n\n\n<div class=\"wp-block-gutena-tab gutena-tab-block gutena-tab-block-832f2d-bd inactive\" data-tab=\"5\">\n     <div class=\"wp-block-gutena-tab gutena-tab-block inactive\" data-tab=\"6\">\n            <div style=\"display: flex; flex-wrap: wrap; align-items: center; gap: 40px; padding: 20px 0;\">\n                \n                <div style=\"flex: 1; min-width: 300px;\">\n                    <h3 class=\"wp-block-heading\"><strong>Aproveite os recursos do marketing automatizado atrav\u00e9s do WhatsApp<\/strong><\/h3>\n                    <ul style=\"padding-left: 20px; margin-top: 20px;\">\n                        <li><strong>Economia de tempo<\/strong> com campanhas autom\u00e1ticas.<\/li>\n                        <li><strong>Alta taxa de abertura<\/strong> comparado ao Email.<\/li>\n                        <li><strong>Comunica\u00e7\u00e3o personalizada<\/strong>.<\/li>\n                        <li><strong>Versatilidade<\/strong>: envie promo\u00e7\u00f5es e novidades.<\/li>\n                    <\/ul>\n                <\/div>\n\n                <div style=\"flex: 1; min-width: 300px;\">\n                    <figure class=\"wp-block-image size-large\" style=\"margin:0;\">\n                        <img decoding=\"async\" src=\"https:\/\/recallclinics.com\/wp-content\/uploads\/2025\/07\/marketing.png\" alt=\"IA Llamadas\" style=\"width: 100%; height: auto; border-radius: 8px;\"\/>\n                    <\/figure>\n                <\/div>\n            <\/div>\n        <\/div>\n\n    <\/div>\n<\/div>\n<\/div>\n<\/div><\/div>\n<\/div><\/div>\n\r\n\r\n\r\n<div class=\"wp-block-spacer\" style=\"height: 85px;\" aria-hidden=\"true\"> <\/div>\r\n\r\n\r\n\r\n<p>[vc_empty_space height=&#8221;16px&#8221;] [vc_column_text]<\/p>\r\n<h1 style=\"text-align: center;\">Solicitar uma demo de 15 minutos<\/h1>\r\n<p>[\/vc_column_text] [vc_empty_space height=&#8221;23px&#8221;] [vc_column_text]<\/p>\r\n<h3 style=\"text-align: center;\">Agende hoje mesmo uma sess\u00e3o personalizada e comprove como otimizar a gest\u00e3o e aumentar a rentabilidade da sua cl\u00ednica ou centro m\u00e9dico.<\/h3>\r\n<p>[\/vc_column_text] [vc_empty_space height=&#8221;50px&#8221;]<\/p>\r\n\r\n\r\n<!-- Cal inline embed code begins -->\r\n<div style=\"width:100%;height:100%;overflow:scroll\" id=\"my-cal-inline-30min\"><\/div>\r\n<script type=\"text\/javascript\">\r\n  (function (C, A, L) { let p = function (a, ar) { a.q.push(ar); }; let d = C.document; C.Cal = C.Cal || function () { let cal = C.Cal; let ar = arguments; if (!cal.loaded) { cal.ns = {}; cal.q = cal.q || []; d.head.appendChild(d.createElement(\"script\")).src = A; cal.loaded = true; } if (ar[0] === L) { const api = function () { p(api, arguments); }; const namespace = ar[1]; api.q = api.q || []; if(typeof namespace === \"string\"){cal.ns[namespace] = cal.ns[namespace] || api;p(cal.ns[namespace], ar);p(cal, [\"initNamespace\", namespace]);} else p(cal, ar); return;} p(cal, ar); }; })(window, \"https:\/\/app.cal.com\/embed\/embed.js\", \"init\");\r\nCal(\"init\", \"30min\", {origin:\"https:\/\/app.cal.com\"});\r\n\r\n  Cal.ns[\"30min\"](\"inline\", {\r\n    elementOrSelector:\"#my-cal-inline-30min\",\r\n    config: {\"layout\":\"month_view\"},\r\n    calLink: \"zeband\/30min\",\r\n  });\r\n\r\n  Cal.ns[\"30min\"](\"ui\", {\"hideEventTypeDetails\":false,\"layout\":\"month_view\"});\r\n  <\/script>\r\n  <!-- Cal inline embed code ends -->\r\n\r\n\r\n<div class=\"wp-block-spacer\" style=\"height: 40px;\" aria-hidden=\"true\"> <\/div>\r\n\r\n\r\n\r\n<p>&nbsp;<\/p>\r\n","protected":false},"excerpt":{"rendered":"<p>[vc_column_text] SERVI\u00c7OS [\/vc_column_text] [vc_empty_space height=&#8221;16px&#8221;] [vc_column_text] Solu\u00e7\u00f5es inteligentes que eliminam a carga administrativa e aumentam o faturamento [\/vc_column_text] [vc_empty_space height=&#8221;23px&#8221;] [vc_column_text] O nosso agente de IA conversacional realiza tarefas administrativas que ajudam a aliviar a rece\u00e7\u00e3o para atender melhor os seus pacientes. Estes s\u00e3o os&#8230;<\/p>\n","protected":false},"author":1,"featured_media":1764,"parent":0,"menu_order":0,"comment_status":"closed","ping_status":"closed","template":"","meta":{"content-type":"","footnotes":""},"class_list":["post-1057","page","type-page","status-publish","has-post-thumbnail","hentry"],"translation":{"provider":"WPGlobus","version":"3.0.0","language":"pt","enabled_languages":["es","en","de","fr","it","pt"],"languages":{"es":{"title":true,"content":true,"excerpt":false},"en":{"title":true,"content":true,"excerpt":false},"de":{"title":true,"content":true,"excerpt":false},"fr":{"title":true,"content":true,"excerpt":false},"it":{"title":true,"content":true,"excerpt":false},"pt":{"title":true,"content":true,"excerpt":false}}},"featured_image_src":"https:\/\/recallclinics.com\/wp-content\/uploads\/2025\/07\/Servicios-de-Recall.png","yoast_head":"<!-- This site is optimized with the Yoast SEO plugin v26.1 - https:\/\/yoast.com\/wordpress\/plugins\/seo\/ -->\n<title>Servi\u00e7os - Recall<\/title>\n<meta name=\"robots\" content=\"index, follow, max-snippet:-1, max-image-preview:large, max-video-preview:-1\" \/>\n<link rel=\"canonical\" href=\"https:\/\/recallclinics.com\/servicios\/\" \/>\n<meta property=\"og:locale\" content=\"pt_PT\" \/>\n<meta property=\"og:type\" content=\"article\" \/>\n<meta property=\"og:title\" content=\"Servi\u00e7os - Recall\" \/>\n<meta property=\"og:url\" content=\"https:\/\/recallclinics.com\/servicios\/\" \/>\n<meta property=\"og:site_name\" content=\"Recall\" \/>\n<meta property=\"article:modified_time\" content=\"2026-03-26T16:41:34+00:00\" \/>\n<meta property=\"og:image\" content=\"https:\/\/recallclinics.com\/wp-content\/uploads\/2025\/07\/Servicios-de-Recall.png\" \/>\n\t<meta property=\"og:image:width\" content=\"2158\" \/>\n\t<meta property=\"og:image:height\" content=\"1150\" \/>\n\t<meta property=\"og:image:type\" content=\"image\/png\" \/>\n<meta name=\"twitter:card\" content=\"summary_large_image\" \/>\n<meta name=\"twitter:label1\" content=\"Est. reading time\" \/>\n\t<meta name=\"twitter:data1\" content=\"1 minute\" \/>\n<script type=\"application\/ld+json\" class=\"yoast-schema-graph\">{\"@context\":\"https:\/\/schema.org\",\"@graph\":[{\"@type\":\"WebPage\",\"@id\":\"https:\/\/recallclinics.com\/servicios\/\",\"url\":\"https:\/\/recallclinics.com\/servicios\/\",\"name\":\"Servi\u00e7os - Recall\",\"isPartOf\":{\"@id\":\"https:\/\/recallclinics.com\/#website\"},\"primaryImageOfPage\":{\"@id\":\"https:\/\/recallclinics.com\/servicios\/#primaryimage\"},\"image\":{\"@id\":\"https:\/\/recallclinics.com\/servicios\/#primaryimage\"},\"thumbnailUrl\":\"https:\/\/recallclinics.com\/wp-content\/uploads\/2025\/07\/Servicios-de-Recall.png\",\"datePublished\":\"2025-07-11T06:30:06+00:00\",\"dateModified\":\"2026-03-26T16:41:34+00:00\",\"breadcrumb\":{\"@id\":\"https:\/\/recallclinics.com\/servicios\/#breadcrumb\"},\"inLanguage\":\"pt-PT\",\"potentialAction\":[{\"@type\":\"ReadAction\",\"target\":[\"https:\/\/recallclinics.com\/servicios\/\"]}]},{\"@type\":\"ImageObject\",\"inLanguage\":\"pt-PT\",\"@id\":\"https:\/\/recallclinics.com\/servicios\/#primaryimage\",\"url\":\"https:\/\/recallclinics.com\/wp-content\/uploads\/2025\/07\/Servicios-de-Recall.png\",\"contentUrl\":\"https:\/\/recallclinics.com\/wp-content\/uploads\/2025\/07\/Servicios-de-Recall.png\",\"width\":2158,\"height\":1150},{\"@type\":\"BreadcrumbList\",\"@id\":\"https:\/\/recallclinics.com\/servicios\/#breadcrumb\",\"itemListElement\":[{\"@type\":\"ListItem\",\"position\":1,\"name\":\"Portada\",\"item\":\"https:\/\/recallclinics.com\/\"},{\"@type\":\"ListItem\",\"position\":2,\"name\":\"Servicios\"}]},{\"@type\":\"WebSite\",\"@id\":\"https:\/\/recallclinics.com\/#website\",\"url\":\"https:\/\/recallclinics.com\/\",\"name\":\"Recall\",\"description\":\"Reduzca tareas administrativas y aumente la facturaci\u00f3n de su cl\u00ednica \",\"potentialAction\":[{\"@type\":\"SearchAction\",\"target\":{\"@type\":\"EntryPoint\",\"urlTemplate\":\"https:\/\/recallclinics.com\/?s={search_term_string}\"},\"query-input\":{\"@type\":\"PropertyValueSpecification\",\"valueRequired\":true,\"valueName\":\"search_term_string\"}}],\"inLanguage\":\"pt-PT\"}]}<\/script>\n<!-- \/ Yoast SEO plugin. -->","yoast_head_json":{"title":"Servi\u00e7os - Recall","robots":{"index":"index","follow":"follow","max-snippet":"max-snippet:-1","max-image-preview":"max-image-preview:large","max-video-preview":"max-video-preview:-1"},"canonical":"https:\/\/recallclinics.com\/servicios\/","og_locale":"pt_PT","og_type":"article","og_title":"Servi\u00e7os - Recall","og_url":"https:\/\/recallclinics.com\/servicios\/","og_site_name":"Recall","article_modified_time":"2026-03-26T16:41:34+00:00","og_image":[{"width":2158,"height":1150,"url":"https:\/\/recallclinics.com\/wp-content\/uploads\/2025\/07\/Servicios-de-Recall.png","type":"image\/png"}],"twitter_card":"summary_large_image","twitter_misc":{"Est. reading time":"1 minute"},"schema":{"@context":"https:\/\/schema.org","@graph":[{"@type":"WebPage","@id":"https:\/\/recallclinics.com\/servicios\/","url":"https:\/\/recallclinics.com\/servicios\/","name":"Servi\u00e7os - Recall","isPartOf":{"@id":"https:\/\/recallclinics.com\/#website"},"primaryImageOfPage":{"@id":"https:\/\/recallclinics.com\/servicios\/#primaryimage"},"image":{"@id":"https:\/\/recallclinics.com\/servicios\/#primaryimage"},"thumbnailUrl":"https:\/\/recallclinics.com\/wp-content\/uploads\/2025\/07\/Servicios-de-Recall.png","datePublished":"2025-07-11T06:30:06+00:00","dateModified":"2026-03-26T16:41:34+00:00","breadcrumb":{"@id":"https:\/\/recallclinics.com\/servicios\/#breadcrumb"},"inLanguage":"pt-PT","potentialAction":[{"@type":"ReadAction","target":["https:\/\/recallclinics.com\/servicios\/"]}]},{"@type":"ImageObject","inLanguage":"pt-PT","@id":"https:\/\/recallclinics.com\/servicios\/#primaryimage","url":"https:\/\/recallclinics.com\/wp-content\/uploads\/2025\/07\/Servicios-de-Recall.png","contentUrl":"https:\/\/recallclinics.com\/wp-content\/uploads\/2025\/07\/Servicios-de-Recall.png","width":2158,"height":1150},{"@type":"BreadcrumbList","@id":"https:\/\/recallclinics.com\/servicios\/#breadcrumb","itemListElement":[{"@type":"ListItem","position":1,"name":"Portada","item":"https:\/\/recallclinics.com\/"},{"@type":"ListItem","position":2,"name":"Servicios"}]},{"@type":"WebSite","@id":"https:\/\/recallclinics.com\/#website","url":"https:\/\/recallclinics.com\/","name":"Recall","description":"Reduzca tareas administrativas y aumente la facturaci\u00f3n de su cl\u00ednica ","potentialAction":[{"@type":"SearchAction","target":{"@type":"EntryPoint","urlTemplate":"https:\/\/recallclinics.com\/?s={search_term_string}"},"query-input":{"@type":"PropertyValueSpecification","valueRequired":true,"valueName":"search_term_string"}}],"inLanguage":"pt-PT"}]}},"_links":{"self":[{"href":"https:\/\/recallclinics.com\/pt\/wp-json\/wp\/v2\/pages\/1057","targetHints":{"allow":["GET"]}}],"collection":[{"href":"https:\/\/recallclinics.com\/pt\/wp-json\/wp\/v2\/pages"}],"about":[{"href":"https:\/\/recallclinics.com\/pt\/wp-json\/wp\/v2\/types\/page"}],"author":[{"embeddable":true,"href":"https:\/\/recallclinics.com\/pt\/wp-json\/wp\/v2\/users\/1"}],"replies":[{"embeddable":true,"href":"https:\/\/recallclinics.com\/pt\/wp-json\/wp\/v2\/comments?post=1057"}],"version-history":[{"count":196,"href":"https:\/\/recallclinics.com\/pt\/wp-json\/wp\/v2\/pages\/1057\/revisions"}],"predecessor-version":[{"id":2338,"href":"https:\/\/recallclinics.com\/pt\/wp-json\/wp\/v2\/pages\/1057\/revisions\/2338"}],"wp:featuredmedia":[{"embeddable":true,"href":"https:\/\/recallclinics.com\/pt\/wp-json\/wp\/v2\/media\/1764"}],"wp:attachment":[{"href":"https:\/\/recallclinics.com\/pt\/wp-json\/wp\/v2\/media?parent=1057"}],"curies":[{"name":"wp","href":"https:\/\/api.w.org\/{rel}","templated":true}]}}